{"id":31919,"date":"2026-04-03T20:29:24","date_gmt":"2026-04-03T20:29:24","guid":{"rendered":"https:\/\/bolalamp.store\/product\/steiff-teddybar-superman-29cm-bunt-kuscheltier-superheld-ideal-fur-kinder-und-fans-plusch-bar-im-superman-look-aus-kuschelweichem-plusch-waschmaschinenfest\/"},"modified":"2026-04-03T20:31:27","modified_gmt":"2026-04-03T20:31:27","slug":"steiff-teddybar-superman-29cm-bunt-kuscheltier-superheld-ideal-fur-kinder-und-fans-plusch-bar-im-superman-look-aus-kuschelweichem-plusch-waschmaschinenfest","status":"publish","type":"product","link":"https:\/\/bolalamp.store\/en\/product\/steiff-teddybar-superman-29cm-bunt-kuscheltier-superheld-ideal-fur-kinder-und-fans-plusch-bar-im-superman-look-aus-kuschelweichem-plusch-waschmaschinenfest\/","title":{"rendered":"Steiff Teddyb\u00e4r Superman 29cm bunt, Kuscheltier Superheld, ideal f\u00fcr Kinder und Fans, Pl\u00fcsch B\u00e4r im Superman Look"},"content":{"rendered":"<p><strong>Product Features<\/strong><\/p>\n<ul>\n<li>SUPERMAN-TEDDYB\u00c4R Der 29cm gro\u00dfe Teddyb\u00e4r mit integriertem Kost\u00fcm, bestehend aus Hose, G\u00fcrtel, Stiefeln und Umhang, sowie dem ikonischen, eingestickten S-Schild-Logo auf der Brust<\/li>\n<li>SUPERKR\u00c4FTE Fliegen, \u00fcbermenschliche St\u00e4rke, unglaubliche Geschwindigkeit und verbesserte Sinne machen Superman nahezu unverwundbar<\/li>\n<li>SUPERHELD Trotz seiner Schwachstelle, dem Kryptonit, bleibt Superman mutig und weltweit ein Symbol f\u00fcr St\u00e4rke und Heldentum<\/li>\n<li>F\u00dcR KINDER IST NUR DAS BESTE GUT GENUG Unsere Pl\u00fcschtiere \u00fcberzeugen mit gepr\u00fcfter Qualit\u00e4t, unbedenklichen Materialien und hochwertiger Verarbeitung. Das macht das Pl\u00fcschtier zu einem Freund f\u00fcrs Leben<\/li>\n<li>ORIGINAL STEIFF PL\u00dcSCHTIER Der \u201eKnopf im Ohr\u201c steht f\u00fcr unser Versprechen an Sie: Kuscheltiere mit h\u00f6chsten Anforderungen an Qualit\u00e4t, Sicherheit, Verarbeitung und Materialbeschaffenheit. Diese Tradition erhalten wir stolz seit 1880<\/li>\n<\/ul>\n<p><strong>Product Information<\/strong><\/p>\n<ul>\n<table style=\"margin-bottom:20px\">\n<tbody>\n<tr>\n<td><strong>Marke<\/strong><\/td>\n<td>Steiff<\/td>\n<\/tr>\n<tr>\n<td><strong>Spielzeugfigur-Typ<\/strong><\/td>\n<td>Stofftier<\/td>\n<\/tr>\n<tr>\n<td><strong>Charakter\/Lizenz<\/strong><\/td>\n<td>Superman (Superheld)<\/td>\n<\/tr>\n<tr>\n<td><strong>Hersteller vorgeschlagenes Alter Minimum<\/strong><\/td>\n<td>36.0<\/td>\n<\/tr>\n<tr>\n<td><strong>Modellname<\/strong><\/td>\n<td>114229<\/td>\n<\/tr>\n<tr>\n<td><strong>Anzahl von Einheiten<\/strong><\/td>\n<td>1.0 st\u00fcck<\/td>\n<\/tr>\n<tr>\n<td><strong>Modellnummer<\/strong><\/td>\n<td>114229<\/td>\n<\/tr>\n<tr>\n<td><strong>Teamname<\/strong><\/td>\n<td>Justice League<\/td>\n<\/tr>\n<tr>\n<td><strong>Garantie<\/strong><\/td>\n<td>Nein<\/td>\n<\/tr>\n<tr>\n<td><strong>Hersteller vorgeschlagenes Alter Maximum<\/strong><\/td>\n<td>1188.0<\/td>\n<\/tr>\n<tr>\n<td><strong>Artikelnummer<\/strong><\/td>\n<td>114229<\/td>\n<\/tr>\n<tr>\n<td><strong>Enthaltene Komponenten<\/strong><\/td>\n<td>Pl\u00fcschtier<\/td>\n<\/tr>\n<tr>\n<td><strong>Artikeltypbezeichnung<\/strong><\/td>\n<td>Spieltier Pl\u00fcsch<\/td>\n<\/tr>\n<tr>\n<td><strong>Hersteller<\/strong><\/td>\n<td>Steiff<\/td>\n<\/tr>\n<tr>\n<td><strong>Amazon Bestseller-Rang<\/strong><\/td>\n<td><\/td>\n<\/tr>\n<tr>\n<td><strong>ASIN<\/strong><\/td>\n<td>B0DR72PSC5<\/td>\n<\/tr>\n<tr>\n<td><strong>Durchschnittliche Kundenbewertung<\/strong><\/td>\n<td><\/td>\n<\/tr>\n<tr>\n<td><strong>Montage erforderlich<\/strong><\/td>\n<td>Nein<\/td>\n<\/tr>\n<tr>\n<td><strong>Tiermotiv<\/strong><\/td>\n<td>Teddyb\u00e4r<\/td>\n<\/tr>\n<tr>\n<td><strong>Thema<\/strong><\/td>\n<td>Superheld<\/td>\n<\/tr>\n<tr>\n<td><strong>Farbe<\/strong><\/td>\n<td>Mehrfarbig<\/td>\n<\/tr>\n<tr>\n<td><strong>Charakter\/Lizenz<\/strong><\/td>\n<td>Superman (Superheld)<\/td>\n<\/tr>\n<tr>\n<td><strong>Sammlungsname<\/strong><\/td>\n<td>Superman<\/td>\n<\/tr>\n<tr>\n<td><strong>Stil<\/strong><\/td>\n<td>Klassisch<\/td>\n<\/tr>\n<tr>\n<td><strong>Montage erforderlich<\/strong><\/td>\n<td>Nein<\/td>\n<\/tr>\n<tr>\n<td><strong>Besondere Merkmale<\/strong><\/td>\n<td>Lizenziertes Superman-Design<\/td>\n<\/tr>\n<tr>\n<td><strong>Batterien erforderlich<\/strong><\/td>\n<td>Nein<\/td>\n<\/tr>\n<tr>\n<td><strong>Handsigniert<\/strong><\/td>\n<td>Nein<\/td>\n<\/tr>\n<tr>\n<td><strong>Ort der Spielaktivit\u00e4t<\/strong><\/td>\n<td>Tisch<\/td>\n<\/tr>\n<tr>\n<td><strong>Lernziel<\/strong><\/td>\n<td>Foster imagination und Rollenspiel in Kindern, f\u00f6rdern Kreativit\u00e4t und soziale F\u00e4higkeiten, f\u00fchren Teamarbeit und Zusammenarbeit ein<\/td>\n<\/tr>\n<tr>\n<td><strong>Brustpumpentyp<\/strong><\/td>\n<td>Manuell<\/td>\n<\/tr>\n<tr>\n<td><strong>Betriebsart<\/strong><\/td>\n<td>Bedienungsanleitung<\/td>\n<\/tr>\n<tr>\n<td><strong>Material<\/strong><\/td>\n<td>Polyester<\/td>\n<\/tr>\n<tr>\n<td><strong>Au\u00dfenmaterial<\/strong><\/td>\n<td>Polyesterpl\u00fcsch<\/td>\n<\/tr>\n<tr>\n<td><strong>Anzahl von Einheiten<\/strong><\/td>\n<td>1.0 st\u00fcck<\/td>\n<\/tr>\n<tr>\n<td><strong>Artikel Abmessungen L x B x H<\/strong><\/td>\n<td>29L x 24B x 11H cm<\/td>\n<\/tr>\n<tr>\n<td><strong>Anzahl von St\u00fccken<\/strong><\/td>\n<td>1<\/td>\n<\/tr>\n<tr>\n<td><strong>Gr\u00f6\u00dfe<\/strong><\/td>\n<td>12 inches<\/td>\n<\/tr>\n<tr>\n<td><strong>Ma\u00dfstab<\/strong><\/td>\n<td>Originalgr\u00f6\u00dfe<\/td>\n<\/tr>\n<tr>\n<td><strong>Artikelabmessungen<\/strong><\/td>\n<td>15,2 x 10,2 x 30,5 cm<\/td>\n<\/tr>\n<\/tbody>\n<\/table>\n<\/ul>","protected":false},"excerpt":{"rendered":"<p>Product Features SUPERMAN-TEDDYB\u00c4R Der 29cm gro\u00dfe Teddyb\u00e4r mit integriertem Kost\u00fcm, bestehend aus Hose, G\u00fcrtel, Stiefeln und Umhang, sowie dem ikonischen,<\/p>","protected":false},"featured_media":31930,"comment_status":"open","ping_status":"closed","template":"","meta":[],"product_brand":[],"product_cat":[150,151,152],"product_tag":[],"class_list":{"0":"post-31919","1":"product","2":"type-product","3":"status-publish","4":"has-post-thumbnail","6":"product_cat-collection-1","7":"product_cat-collection-2","8":"product_cat-startseite","10":"first","11":"instock","12":"shipping-taxable","13":"purchasable","14":"product-type-simple"},"jetpack_sharing_enabled":true,"_links":{"self":[{"href":"https:\/\/bolalamp.store\/en\/wp-json\/wp\/v2\/product\/31919","targetHints":{"allow":["GET"]}}],"collection":[{"href":"https:\/\/bolalamp.store\/en\/wp-json\/wp\/v2\/product"}],"about":[{"href":"https:\/\/bolalamp.store\/en\/wp-json\/wp\/v2\/types\/product"}],"replies":[{"embeddable":true,"href":"https:\/\/bolalamp.store\/en\/wp-json\/wp\/v2\/comments?post=31919"}],"version-history":[{"count":1,"href":"https:\/\/bolalamp.store\/en\/wp-json\/wp\/v2\/product\/31919\/revisions"}],"predecessor-version":[{"id":31931,"href":"https:\/\/bolalamp.store\/en\/wp-json\/wp\/v2\/product\/31919\/revisions\/31931"}],"wp:featuredmedia":[{"embeddable":true,"href":"https:\/\/bolalamp.store\/en\/wp-json\/wp\/v2\/media\/31930"}],"wp:attachment":[{"href":"https:\/\/bolalamp.store\/en\/wp-json\/wp\/v2\/media?parent=31919"}],"wp:term":[{"taxonomy":"product_brand","embeddable":true,"href":"https:\/\/bolalamp.store\/en\/wp-json\/wp\/v2\/product_brand?post=31919"},{"taxonomy":"product_cat","embeddable":true,"href":"https:\/\/bolalamp.store\/en\/wp-json\/wp\/v2\/product_cat?post=31919"},{"taxonomy":"product_tag","embeddable":true,"href":"https:\/\/bolalamp.store\/en\/wp-json\/wp\/v2\/product_tag?post=31919"}],"curies":[{"name":"wp","href":"https:\/\/api.w.org\/{rel}","templated":true}]}}