{"id":31917,"date":"2026-04-03T20:29:23","date_gmt":"2026-04-03T20:29:23","guid":{"rendered":"https:\/\/bolalamp.store\/product\/steiff-soft-cuddly-friends-dixi-triceratops-petrol-28-cm-dinosaurier-kuscheltier-aus-kuschelweichem-plusch\/"},"modified":"2026-04-03T20:31:31","modified_gmt":"2026-04-03T20:31:31","slug":"steiff-soft-cuddly-friends-dixi-triceratops-petrol-28-cm-dinosaurier-kuscheltier-aus-kuschelweichem-plusch","status":"publish","type":"product","link":"https:\/\/bolalamp.store\/en\/product\/steiff-soft-cuddly-friends-dixi-triceratops-petrol-28-cm-dinosaurier-kuscheltier-aus-kuschelweichem-plusch\/","title":{"rendered":"Steiff Soft Cuddly Friends Dixi Triceratops Petrol 28 cm, Dinosaurier Kuscheltier aus kuschelweichem Pl\u00fcsch"},"content":{"rendered":"<p><strong>Product Features<\/strong><\/p>\n<ul>\n<li>PL\u00dcSCHTIER Das Original Steiff Pl\u00fcschtier Dinosaurier Dixi Triceratops aus der Produktlinie Soft Cuddly Friends eignet sich ideal als Schmusefreund f\u00fcr Babys von Geburt an und ist ein Freund f\u00fcrs Leben<\/li>\n<li>DINOSAURIER KUSCHELTIER Pl\u00fcsch Dino Dixi Triceratops ist ca. 28 cm gro\u00df, hat ein petroles Fell, wurde in fachm\u00e4nnischer, liebevoller Handarbeit hergestellt und ist daher einzigartig, so wie jedes Schmusetier von Steiff<\/li>\n<li>AUS KUSCHELWEICHEM PL\u00dcSCH Das Kuscheltier hat einen streichelweichen Webpelz, hochwertige Kunststoffaugen und ein Edelstahl \u201eKnopf im Ohr\u201c, ist gestopft mit synthetischem F\u00fcllmaterial und mit eingearbeiteten Granulats\u00e4ckchen<\/li>\n<li>KNOPF IM OHR Nat\u00fcrlich mit unserem original Edelstahl \u201eKnopf im Ohr\u201d<\/li>\n<li>F\u00dcR KINDER IST NUR DAS BESTE GUT GENUG Unsere Pl\u00fcschtiere \u00fcberzeugen mit gepr\u00fcfter Qualit\u00e4t, unbedenklichen Materialien und hochwertiger Verarbeitung. Das macht den Steiff Pl\u00fcsch Teddyb\u00e4r zu einem Freund f\u00fcrs Leben<\/li>\n<\/ul>\n<p><strong>Product Information<\/strong><\/p>\n<ul>\n<table style=\"margin-bottom:20px\">\n<tbody>\n<tr>\n<td><strong>Marke<\/strong><\/td>\n<td>Steiff<\/td>\n<\/tr>\n<tr>\n<td><strong>Spielzeugfigur-Typ<\/strong><\/td>\n<td>Stofftier<\/td>\n<\/tr>\n<tr>\n<td><strong>Charakter\/Lizenz<\/strong><\/td>\n<td>Dixi Triceratops<\/td>\n<\/tr>\n<tr>\n<td><strong>Zus\u00e4tzliche Markeninformationen<\/strong><\/td>\n<td>steiff<\/td>\n<\/tr>\n<tr>\n<td><strong>Modellname<\/strong><\/td>\n<td>Dixi Triceratops<\/td>\n<\/tr>\n<tr>\n<td><strong>Anzahl von Einheiten<\/strong><\/td>\n<td>1 Anzahl<\/td>\n<\/tr>\n<tr>\n<td><strong>Modellnummer<\/strong><\/td>\n<td>87806<\/td>\n<\/tr>\n<tr>\n<td><strong>Herkunftsland<\/strong><\/td>\n<td>Kambodscha<\/td>\n<\/tr>\n<tr>\n<td><strong>Garantie<\/strong><\/td>\n<td>Gesetzliche Gew\u00e4hrleistung<\/td>\n<\/tr>\n<tr>\n<td><strong>Verpackung<\/strong><\/td>\n<td>Standardverpackung<\/td>\n<\/tr>\n<tr>\n<td><strong>Hersteller vorgeschlagenes Alter Maximum<\/strong><\/td>\n<td>1188.0<\/td>\n<\/tr>\n<tr>\n<td><strong>Artikelnummer<\/strong><\/td>\n<td>087806<\/td>\n<\/tr>\n<tr>\n<td><strong>Namen des Sets<\/strong><\/td>\n<td>Soft Cuddly Friends<\/td>\n<\/tr>\n<tr>\n<td><strong>Beschreibung der Altersgruppe<\/strong><\/td>\n<td>Baby<\/td>\n<\/tr>\n<tr>\n<td><strong>Enthaltene Komponenten<\/strong><\/td>\n<td>Pl\u00fcschtier<\/td>\n<\/tr>\n<tr>\n<td><strong>Artikeltypbezeichnung<\/strong><\/td>\n<td>Soft Cuddly Friends Dixi Triceratops<\/td>\n<\/tr>\n<tr>\n<td><strong>Hersteller<\/strong><\/td>\n<td>Margarete Steiff GmbH<\/td>\n<\/tr>\n<tr>\n<td><strong>Amazon Bestseller-Rang<\/strong><\/td>\n<td><\/td>\n<\/tr>\n<tr>\n<td><strong>ASIN<\/strong><\/td>\n<td>B085XMKZ9T<\/td>\n<\/tr>\n<tr>\n<td><strong>Durchschnittliche Kundenbewertung<\/strong><\/td>\n<td><\/td>\n<\/tr>\n<tr>\n<td><strong>Anzahl von Einheiten<\/strong><\/td>\n<td>1 Anzahl<\/td>\n<\/tr>\n<tr>\n<td><strong>Artikel Abmessungen L x B x H<\/strong><\/td>\n<td>28L x 18B x 16H cm<\/td>\n<\/tr>\n<tr>\n<td><strong>Anzahl von St\u00fccken<\/strong><\/td>\n<td>1<\/td>\n<\/tr>\n<tr>\n<td><strong>Gr\u00f6\u00dfe<\/strong><\/td>\n<td>28 cm<\/td>\n<\/tr>\n<tr>\n<td><strong>Ma\u00dfstab<\/strong><\/td>\n<td>Normale Gr\u00f6\u00dfe<\/td>\n<\/tr>\n<tr>\n<td><strong>Artikelabmessungen<\/strong><\/td>\n<td>28 x 18 x 16 cm<\/td>\n<\/tr>\n<tr>\n<td><strong>Tiermotiv<\/strong><\/td>\n<td>Dinosaurier<\/td>\n<\/tr>\n<tr>\n<td><strong>Thema<\/strong><\/td>\n<td>Fantasie<\/td>\n<\/tr>\n<tr>\n<td><strong>Farbe<\/strong><\/td>\n<td>Petrol<\/td>\n<\/tr>\n<tr>\n<td><strong>Charakter\/Lizenz<\/strong><\/td>\n<td>Dixi Triceratops<\/td>\n<\/tr>\n<tr>\n<td><strong>Sammlungsname<\/strong><\/td>\n<td>Steiff Pl\u00fcschtiere<\/td>\n<\/tr>\n<tr>\n<td><strong>Stil<\/strong><\/td>\n<td>Einzigartig<\/td>\n<\/tr>\n<tr>\n<td><strong>Gelegenheit &#038; Anlass<\/strong><\/td>\n<td>Belohnung, Geburtstag, Genesung, Weihnachten<\/td>\n<\/tr>\n<tr>\n<td><strong>Montage erforderlich<\/strong><\/td>\n<td>Nein<\/td>\n<\/tr>\n<tr>\n<td><strong>Besondere Merkmale<\/strong><\/td>\n<td>Einzigartige Farbe &#8218;Petrol&#8216;, Verwendung eines speziellen Pl\u00fcschmaterials, Granulats\u00e4ckchen in Armen, Beinen und Kopf<\/td>\n<\/tr>\n<tr>\n<td><strong>Batterien erforderlich<\/strong><\/td>\n<td>Nein<\/td>\n<\/tr>\n<tr>\n<td><strong>Handsigniert<\/strong><\/td>\n<td>Nein<\/td>\n<\/tr>\n<tr>\n<td><strong>Ort der Spielaktivit\u00e4t<\/strong><\/td>\n<td>Boden<\/td>\n<\/tr>\n<tr>\n<td><strong>Anwendungsbereich<\/strong><\/td>\n<td>Fantasievolles Spielen, Geschenk, Kuscheln, Tr\u00f6stlich<\/td>\n<\/tr>\n<tr>\n<td><strong>Lernziel<\/strong><\/td>\n<td>F\u00fcrsorge, Geborgenheit, Kreativit\u00e4t, Sozialverhalten, Verantwortungsgef\u00fchl<\/td>\n<\/tr>\n<tr>\n<td><strong>Brustpumpentyp<\/strong><\/td>\n<td>manuell<\/td>\n<\/tr>\n<tr>\n<td><strong>Anzahl von Spielern<\/strong><\/td>\n<td>1<\/td>\n<\/tr>\n<tr>\n<td><strong>Betriebsart<\/strong><\/td>\n<td>manuell<\/td>\n<\/tr>\n<tr>\n<td><strong>Material<\/strong><\/td>\n<td>Polyester<\/td>\n<\/tr>\n<tr>\n<td><strong>Au\u00dfenmaterial<\/strong><\/td>\n<td>kuschelweicher Pl\u00fcsch<\/td>\n<\/tr>\n<tr>\n<td><strong>Typ der \u00e4u\u00dferen Oberfl\u00e4che<\/strong><\/td>\n<td>Matt<\/td>\n<\/tr>\n<tr>\n<td><strong>Innenmaterial<\/strong><\/td>\n<td>Polyester<\/td>\n<\/tr>\n<tr>\n<td><strong>Montage erforderlich<\/strong><\/td>\n<td>Nein<\/td>\n<\/tr>\n<\/tbody>\n<\/table>\n<\/ul>","protected":false},"excerpt":{"rendered":"<p>Product Features PL\u00dcSCHTIER Das Original Steiff Pl\u00fcschtier Dinosaurier Dixi Triceratops aus der Produktlinie Soft Cuddly Friends eignet sich ideal als<\/p>","protected":false},"featured_media":31936,"comment_status":"open","ping_status":"closed","template":"","meta":[],"product_brand":[],"product_cat":[150,151,152],"product_tag":[],"class_list":{"0":"post-31917","1":"product","2":"type-product","3":"status-publish","4":"has-post-thumbnail","6":"product_cat-collection-1","7":"product_cat-collection-2","8":"product_cat-startseite","10":"first","11":"instock","12":"shipping-taxable","13":"purchasable","14":"product-type-simple"},"jetpack_sharing_enabled":true,"_links":{"self":[{"href":"https:\/\/bolalamp.store\/en\/wp-json\/wp\/v2\/product\/31917","targetHints":{"allow":["GET"]}}],"collection":[{"href":"https:\/\/bolalamp.store\/en\/wp-json\/wp\/v2\/product"}],"about":[{"href":"https:\/\/bolalamp.store\/en\/wp-json\/wp\/v2\/types\/product"}],"replies":[{"embeddable":true,"href":"https:\/\/bolalamp.store\/en\/wp-json\/wp\/v2\/comments?post=31917"}],"version-history":[{"count":1,"href":"https:\/\/bolalamp.store\/en\/wp-json\/wp\/v2\/product\/31917\/revisions"}],"predecessor-version":[{"id":31937,"href":"https:\/\/bolalamp.store\/en\/wp-json\/wp\/v2\/product\/31917\/revisions\/31937"}],"wp:featuredmedia":[{"embeddable":true,"href":"https:\/\/bolalamp.store\/en\/wp-json\/wp\/v2\/media\/31936"}],"wp:attachment":[{"href":"https:\/\/bolalamp.store\/en\/wp-json\/wp\/v2\/media?parent=31917"}],"wp:term":[{"taxonomy":"product_brand","embeddable":true,"href":"https:\/\/bolalamp.store\/en\/wp-json\/wp\/v2\/product_brand?post=31917"},{"taxonomy":"product_cat","embeddable":true,"href":"https:\/\/bolalamp.store\/en\/wp-json\/wp\/v2\/product_cat?post=31917"},{"taxonomy":"product_tag","embeddable":true,"href":"https:\/\/bolalamp.store\/en\/wp-json\/wp\/v2\/product_tag?post=31917"}],"curies":[{"name":"wp","href":"https:\/\/api.w.org\/{rel}","templated":true}]}}