{"id":31914,"date":"2026-04-03T20:29:23","date_gmt":"2026-04-03T20:29:23","guid":{"rendered":"https:\/\/bolalamp.store\/product\/steiff-ollie-eule-schmusetuch-rosebraun-creme-26-cm-kuscheltier-fur-babys-soft-cuddly-friends-weich-waschbar\/"},"modified":"2026-04-03T20:31:29","modified_gmt":"2026-04-03T20:31:29","slug":"steiff-ollie-eule-schmusetuch-rosebraun-creme-26-cm-kuscheltier-fur-babys-soft-cuddly-friends-weich-waschbar","status":"publish","type":"product","link":"https:\/\/bolalamp.store\/en\/product\/steiff-ollie-eule-schmusetuch-rosebraun-creme-26-cm-kuscheltier-fur-babys-soft-cuddly-friends-weich-waschbar\/","title":{"rendered":"Steiff Ollie Eule Schmusetuch rosebraun-Creme 26 cm, Kuscheltier f\u00fcr Babys"},"content":{"rendered":"<p><strong>Product Features<\/strong><\/p>\n<ul>\n<li>BESTER FREUND Das Ollie Eule Schmusetuch ist ein treuer Kuschel- und Spielkamerad f\u00fcr jedes Baby; Mit dem kuscheligen Fell und den gro\u00dfen Augen vermittelt es Geborgenheit ab der ersten Minute; Daher darf das Schmusetuch im Kinderbett nicht fehlen<\/li>\n<li>WEICH &#038; KUSCHELIG Das Ollie Eule Schmusetuch verzaubert alle mit seinem kuschelweichen Fell aus Pl\u00fcsch und seinen gestickten Augen;Einfach zum Verlieben;Ein gro\u00dfartiges Geschenk f\u00fcr Babys<\/li>\n<li>MA\u00dfE Mit einer Gesamtl\u00e4nge von 26 cm ist das Schmusetuch schon f\u00fcr Neugeborene geeignet;Damit ist das Schmusetuch ein toller Begleiter durch den Alltag im Kinderwagen oder auch im Kinderbett<\/li>\n<li>F\u00dcR KINDER IST NUR DAS BESTE GUT GENUG Unsere Steiff Tiere \u00fcberzeugen mit gepr\u00fcfter Qualit\u00e4t, unbedenklichen Materialien und einer hochwertigen Verarbeitung;Unsere Pl\u00fcschtiere sind die Freunde f\u00fcrs Leben<\/li>\n<li>BESONDERES SPIEL ERLEBNIS Das Schmusetuch ist kuschelig weich und l\u00e4dt zum Schmusen und Kuscheln ein;Schulen Sie die Sinne Ihres Babys mit Spiel &#038; Spa\u00df<\/li>\n<\/ul>\n<p><strong>Product Information<\/strong><\/p>\n<ul>\n<table style=\"margin-bottom:20px\">\n<tbody>\n<tr>\n<td><strong>Marke<\/strong><\/td>\n<td>Steiff<\/td>\n<\/tr>\n<tr>\n<td><strong>Spielzeugfigur-Typ<\/strong><\/td>\n<td>Stofftier<\/td>\n<\/tr>\n<tr>\n<td><strong>Charakter\/Lizenz<\/strong><\/td>\n<td>Ollie Eule<\/td>\n<\/tr>\n<tr>\n<td><strong>Zus\u00e4tzliche Markeninformationen<\/strong><\/td>\n<td>steiff<\/td>\n<\/tr>\n<tr>\n<td><strong>Modellname<\/strong><\/td>\n<td>Steiff Ollie Eule Schmusetuch<\/td>\n<\/tr>\n<tr>\n<td><strong>Anzahl von Einheiten<\/strong><\/td>\n<td>1.0 st\u00fcck<\/td>\n<\/tr>\n<tr>\n<td><strong>Modellnummer<\/strong><\/td>\n<td>241857<\/td>\n<\/tr>\n<tr>\n<td><strong>Herkunftsland<\/strong><\/td>\n<td>Kambodscha<\/td>\n<\/tr>\n<tr>\n<td><strong>Garantie<\/strong><\/td>\n<td>&#8222;Gesetzliche Gew\u00e4hrleistung&#8220;<\/td>\n<\/tr>\n<tr>\n<td><strong>Verpackung<\/strong><\/td>\n<td>Standardverpackung<\/td>\n<\/tr>\n<tr>\n<td><strong>Global Trade Identification Number<\/strong><\/td>\n<td>04001505241857<\/td>\n<\/tr>\n<tr>\n<td><strong>Hersteller vorgeschlagenes Alter Maximum<\/strong><\/td>\n<td>1188.0<\/td>\n<\/tr>\n<tr>\n<td><strong>Artikelnummer<\/strong><\/td>\n<td>241857<\/td>\n<\/tr>\n<tr>\n<td><strong>Namen des Sets<\/strong><\/td>\n<td>Weiche Kuschelfreunde<\/td>\n<\/tr>\n<tr>\n<td><strong>Beschreibung der Altersgruppe<\/strong><\/td>\n<td>Baby<\/td>\n<\/tr>\n<tr>\n<td><strong>Enthaltene Komponenten<\/strong><\/td>\n<td>Pl\u00fcschtier<\/td>\n<\/tr>\n<tr>\n<td><strong>Artikeltypbezeichnung<\/strong><\/td>\n<td>Soft Cuddly Friends Ollie Eule Schmusetuch<\/td>\n<\/tr>\n<tr>\n<td><strong>Hersteller<\/strong><\/td>\n<td>Margarete Steiff GmbH<\/td>\n<\/tr>\n<tr>\n<td><strong>Amazon Bestseller-Rang<\/strong><\/td>\n<td><\/td>\n<\/tr>\n<tr>\n<td><strong>ASIN<\/strong><\/td>\n<td>B07GJBGS9Z<\/td>\n<\/tr>\n<tr>\n<td><strong>Durchschnittliche Kundenbewertung<\/strong><\/td>\n<td><\/td>\n<\/tr>\n<tr>\n<td><strong>Anzahl von Einheiten<\/strong><\/td>\n<td>1.0 st\u00fcck<\/td>\n<\/tr>\n<tr>\n<td><strong>Artikel Abmessungen L x B x H<\/strong><\/td>\n<td>20L x 8B x 26H cm<\/td>\n<\/tr>\n<tr>\n<td><strong>Anzahl von St\u00fccken<\/strong><\/td>\n<td>1<\/td>\n<\/tr>\n<tr>\n<td><strong>Gr\u00f6\u00dfe<\/strong><\/td>\n<td>1 St\u00fcck (1er Pack)<\/td>\n<\/tr>\n<tr>\n<td><strong>Ma\u00dfstab<\/strong><\/td>\n<td>Normale Gr\u00f6\u00dfe<\/td>\n<\/tr>\n<tr>\n<td><strong>Artikelabmessungen<\/strong><\/td>\n<td>12,7 x 12,7 x 25,4 cm<\/td>\n<\/tr>\n<tr>\n<td><strong>Tiermotiv<\/strong><\/td>\n<td>Eule<\/td>\n<\/tr>\n<tr>\n<td><strong>Thema<\/strong><\/td>\n<td>Tier<\/td>\n<\/tr>\n<tr>\n<td><strong>Farbe<\/strong><\/td>\n<td>Braun<\/td>\n<\/tr>\n<tr>\n<td><strong>Charakter\/Lizenz<\/strong><\/td>\n<td>Ollie Eule<\/td>\n<\/tr>\n<tr>\n<td><strong>Sammlungsname<\/strong><\/td>\n<td>Soft Cuddly Friends Steiff<\/td>\n<\/tr>\n<tr>\n<td><strong>Stil<\/strong><\/td>\n<td>Modern<\/td>\n<\/tr>\n<tr>\n<td><strong>Gelegenheit &#038; Anlass<\/strong><\/td>\n<td>Babyparty, Freundschaftstag, Geburtstag, Taufe, Weihnachten<\/td>\n<\/tr>\n<tr>\n<td><strong>Montage erforderlich<\/strong><\/td>\n<td>Nein<\/td>\n<\/tr>\n<tr>\n<td><strong>Besondere Merkmale<\/strong><\/td>\n<td>Hautfreundlich<\/td>\n<\/tr>\n<tr>\n<td><strong>Batterien erforderlich<\/strong><\/td>\n<td>Nein<\/td>\n<\/tr>\n<tr>\n<td><strong>Anzahl der Batterien<\/strong><\/td>\n<td>Unbekannt Batterien erforderlich.<\/td>\n<\/tr>\n<tr>\n<td><strong>Handsigniert<\/strong><\/td>\n<td>Nein<\/td>\n<\/tr>\n<tr>\n<td><strong>Ort der Spielaktivit\u00e4t<\/strong><\/td>\n<td>Boden<\/td>\n<\/tr>\n<tr>\n<td><strong>Anwendungsbereich<\/strong><\/td>\n<td>Emotionale Unterst\u00fctzung, Graduierung, Schlafbegleiter und Unterhaltung f\u00fcr Babys und Kleinkinder, Spielen, Zum Schul- oder Studienabschluss<\/td>\n<\/tr>\n<tr>\n<td><strong>Brustpumpentyp<\/strong><\/td>\n<td>Manuell<\/td>\n<\/tr>\n<tr>\n<td><strong>Anzahl von Spielern<\/strong><\/td>\n<td>1<\/td>\n<\/tr>\n<tr>\n<td><strong>Betriebsart<\/strong><\/td>\n<td>Manuell<\/td>\n<\/tr>\n<tr>\n<td><strong>Batterietyp<\/strong><\/td>\n<td>Batteriefrei<\/td>\n<\/tr>\n<tr>\n<td><strong>Material<\/strong><\/td>\n<td>aus Pl\u00fcsch f\u00fcr babysanfte Haut<\/td>\n<\/tr>\n<tr>\n<td><strong>Au\u00dfenmaterial<\/strong><\/td>\n<td>Fleece<\/td>\n<\/tr>\n<tr>\n<td><strong>Typ der \u00e4u\u00dferen Oberfl\u00e4che<\/strong><\/td>\n<td>Langlebig, matt<\/td>\n<\/tr>\n<tr>\n<td><strong>Innenmaterial<\/strong><\/td>\n<td>Pl\u00fcsch<\/td>\n<\/tr>\n<tr>\n<td><strong>Montage erforderlich<\/strong><\/td>\n<td>Nein<\/td>\n<\/tr>\n<\/tbody>\n<\/table>\n<\/ul>","protected":false},"excerpt":{"rendered":"<p>Product Features BESTER FREUND Das Ollie Eule Schmusetuch ist ein treuer Kuschel- und Spielkamerad f\u00fcr jedes Baby; Mit dem kuscheligen<\/p>","protected":false},"featured_media":31934,"comment_status":"open","ping_status":"closed","template":"","meta":[],"product_brand":[],"product_cat":[150,151,152],"product_tag":[],"class_list":{"0":"post-31914","1":"product","2":"type-product","3":"status-publish","4":"has-post-thumbnail","6":"product_cat-collection-1","7":"product_cat-collection-2","8":"product_cat-startseite","10":"first","11":"instock","12":"shipping-taxable","13":"purchasable","14":"product-type-variable"},"jetpack_sharing_enabled":true,"_links":{"self":[{"href":"https:\/\/bolalamp.store\/en\/wp-json\/wp\/v2\/product\/31914","targetHints":{"allow":["GET"]}}],"collection":[{"href":"https:\/\/bolalamp.store\/en\/wp-json\/wp\/v2\/product"}],"about":[{"href":"https:\/\/bolalamp.store\/en\/wp-json\/wp\/v2\/types\/product"}],"replies":[{"embeddable":true,"href":"https:\/\/bolalamp.store\/en\/wp-json\/wp\/v2\/comments?post=31914"}],"version-history":[{"count":1,"href":"https:\/\/bolalamp.store\/en\/wp-json\/wp\/v2\/product\/31914\/revisions"}],"predecessor-version":[{"id":31935,"href":"https:\/\/bolalamp.store\/en\/wp-json\/wp\/v2\/product\/31914\/revisions\/31935"}],"wp:featuredmedia":[{"embeddable":true,"href":"https:\/\/bolalamp.store\/en\/wp-json\/wp\/v2\/media\/31934"}],"wp:attachment":[{"href":"https:\/\/bolalamp.store\/en\/wp-json\/wp\/v2\/media?parent=31914"}],"wp:term":[{"taxonomy":"product_brand","embeddable":true,"href":"https:\/\/bolalamp.store\/en\/wp-json\/wp\/v2\/product_brand?post=31914"},{"taxonomy":"product_cat","embeddable":true,"href":"https:\/\/bolalamp.store\/en\/wp-json\/wp\/v2\/product_cat?post=31914"},{"taxonomy":"product_tag","embeddable":true,"href":"https:\/\/bolalamp.store\/en\/wp-json\/wp\/v2\/product_tag?post=31914"}],"curies":[{"name":"wp","href":"https:\/\/api.w.org\/{rel}","templated":true}]}}