{"id":31905,"date":"2026-04-03T20:29:21","date_gmt":"2026-04-03T20:29:21","guid":{"rendered":"https:\/\/bolalamp.store\/product\/steiff-kuscheltier-brownie-affe-susses-stofftier-mit-kunststoffaugen-kinder-jungen-madchen-soft-cuddly-friends-pluschtier-30-cm-beige-060304-hellbraun\/"},"modified":"2026-04-03T20:31:37","modified_gmt":"2026-04-03T20:31:37","slug":"steiff-kuscheltier-brownie-affe-susses-stofftier-mit-kunststoffaugen-kinder-jungen-madchen-soft-cuddly-friends-pluschtier-30-cm-beige-060304-hellbraun","status":"publish","type":"product","link":"https:\/\/bolalamp.store\/en\/product\/steiff-kuscheltier-brownie-affe-susses-stofftier-mit-kunststoffaugen-kinder-jungen-madchen-soft-cuddly-friends-pluschtier-30-cm-beige-060304-hellbraun\/","title":{"rendered":"Steiff Kuscheltier Brownie Affe, S\u00fc\u00dfes Stofftier mit Kunststoffaugen, Kinder, Jungen &#038; M\u00e4dchen"},"content":{"rendered":"<p><strong>Product Features<\/strong><\/p>\n<ul>\n<li>BESTER FREUND: Das Original Steiff Pl\u00fcschtier ist nicht nur ein Kuscheltier, sondern auch der perfekte Spielkamerad f\u00fcr jedes Kind. Es wird schnell zum besten Freund und bleibt ein treuer Begleiter f\u00fcrs Leben.<\/li>\n<li>WEICH &#038; KUSCHELIG: Brownie verzaubert mit seinem weichen Pl\u00fcschfell, den nach oben gezogenen Augenbrauen und den Kunststoffaugen. Ein tolles Geschenk f\u00fcr Kinder, die auf der Suche nach einem treuen Kuschelfreund sind &#8211; ganz gleich, wie alt sie sind.<\/li>\n<li>MA\u00dfE &#038; PFLEGE: Der Affe ist 30 cm gro\u00df. Er ist in liebevoller Handarbeit gefertigt und somit ein Unikat. Zudem ist er bei 30 \u00b0C waschbar.<\/li>\n<li>BESONDERES SPIELERLEBNIS: Gesicht, H\u00e4nde und F\u00fc\u00dfe sind aus kurzem Pl\u00fcsch gefertigt, w\u00e4hrend das weiche Fell aus l\u00e4ngerem Pl\u00fcsch besteht. Das Stofftier eignet sich somit gut zum Greifen und F\u00fchlen.<\/li>\n<li>ORIGINAL STEIFF: Seit 1880 steht der \u201eKnopf im Ohr\u201c f\u00fcr unser Qualit\u00e4tsversprechen. Unsere Pl\u00fcschtiere \u00fcberzeugen mit gepr\u00fcfter Qualit\u00e4t, unbedenklichen Materialien und hochwertiger Verarbeitung.<\/li>\n<\/ul>\n<p><strong>Product Information<\/strong><\/p>\n<ul>\n<table style=\"margin-bottom:20px\">\n<tbody>\n<tr>\n<td><strong>Marke<\/strong><\/td>\n<td>Steiff<\/td>\n<\/tr>\n<tr>\n<td><strong>Spielzeugfigur-Typ<\/strong><\/td>\n<td>Stofftier<\/td>\n<\/tr>\n<tr>\n<td><strong>Charakter\/Lizenz<\/strong><\/td>\n<td>Tier<\/td>\n<\/tr>\n<tr>\n<td><strong>Zus\u00e4tzliche Markeninformationen<\/strong><\/td>\n<td>steiff<\/td>\n<\/tr>\n<tr>\n<td><strong>Hersteller vorgeschlagenes Alter Minimum<\/strong><\/td>\n<td>1.0<\/td>\n<\/tr>\n<tr>\n<td><strong>Modellname<\/strong><\/td>\n<td>Brownie Affe<\/td>\n<\/tr>\n<tr>\n<td><strong>Anzahl von Einheiten<\/strong><\/td>\n<td>1 Jede<\/td>\n<\/tr>\n<tr>\n<td><strong>Modellnummer<\/strong><\/td>\n<td>60304<\/td>\n<\/tr>\n<tr>\n<td><strong>Herkunftsland<\/strong><\/td>\n<td>Kambodscha<\/td>\n<\/tr>\n<tr>\n<td><strong>Garantie<\/strong><\/td>\n<td>2 Jahre Gew\u00e4hrleistung<\/td>\n<\/tr>\n<tr>\n<td><strong>Verpackung<\/strong><\/td>\n<td>Standardverpackung<\/td>\n<\/tr>\n<tr>\n<td><strong>Global Trade Identification Number<\/strong><\/td>\n<td>04001505060304<\/td>\n<\/tr>\n<tr>\n<td><strong>Hersteller vorgeschlagenes Alter Maximum<\/strong><\/td>\n<td>99.0<\/td>\n<\/tr>\n<tr>\n<td><strong>Artikelnummer<\/strong><\/td>\n<td>060304<\/td>\n<\/tr>\n<tr>\n<td><strong>Beschreibung der Altersgruppe<\/strong><\/td>\n<td>Kind<\/td>\n<\/tr>\n<tr>\n<td><strong>Enthaltene Komponenten<\/strong><\/td>\n<td>Pl\u00fcschtier<\/td>\n<\/tr>\n<tr>\n<td><strong>Artikeltypbezeichnung<\/strong><\/td>\n<td>Soft Cuddly Friends Brownie Affe<\/td>\n<\/tr>\n<tr>\n<td><strong>Hersteller<\/strong><\/td>\n<td>Steiff<\/td>\n<\/tr>\n<tr>\n<td><strong>Amazon Bestseller-Rang<\/strong><\/td>\n<td><\/td>\n<\/tr>\n<tr>\n<td><strong>ASIN<\/strong><\/td>\n<td>B079YWDF8M<\/td>\n<\/tr>\n<tr>\n<td><strong>Durchschnittliche Kundenbewertung<\/strong><\/td>\n<td><\/td>\n<\/tr>\n<tr>\n<td><strong>Montage erforderlich<\/strong><\/td>\n<td>Nein<\/td>\n<\/tr>\n<tr>\n<td><strong>Tiermotiv<\/strong><\/td>\n<td>Affe<\/td>\n<\/tr>\n<tr>\n<td><strong>Thema<\/strong><\/td>\n<td>Kuscheltier<\/td>\n<\/tr>\n<tr>\n<td><strong>Farbe<\/strong><\/td>\n<td>Hellbraun<\/td>\n<\/tr>\n<tr>\n<td><strong>Charakter\/Lizenz<\/strong><\/td>\n<td>Tier<\/td>\n<\/tr>\n<tr>\n<td><strong>Sammlungsname<\/strong><\/td>\n<td>Soft Cuddly Friends<\/td>\n<\/tr>\n<tr>\n<td><strong>Stil<\/strong><\/td>\n<td>Single<\/td>\n<\/tr>\n<tr>\n<td><strong>Gelegenheit &#038; Anlass<\/strong><\/td>\n<td>Geburtstag, Geschenke<\/td>\n<\/tr>\n<tr>\n<td><strong>Montage erforderlich<\/strong><\/td>\n<td>Nein<\/td>\n<\/tr>\n<tr>\n<td><strong>Besondere Merkmale<\/strong><\/td>\n<td>Langlebig<\/td>\n<\/tr>\n<tr>\n<td><strong>Batterien erforderlich<\/strong><\/td>\n<td>Nein<\/td>\n<\/tr>\n<tr>\n<td><strong>Handsigniert<\/strong><\/td>\n<td>Nein<\/td>\n<\/tr>\n<tr>\n<td><strong>Ort der Spielaktivit\u00e4t<\/strong><\/td>\n<td>Tisch<\/td>\n<\/tr>\n<tr>\n<td><strong>Brustpumpentyp<\/strong><\/td>\n<td>manuell<\/td>\n<\/tr>\n<tr>\n<td><strong>Anzahl von Spielern<\/strong><\/td>\n<td>1<\/td>\n<\/tr>\n<tr>\n<td><strong>Betriebsart<\/strong><\/td>\n<td>manuell<\/td>\n<\/tr>\n<tr>\n<td><strong>Material<\/strong><\/td>\n<td>Polyester<\/td>\n<\/tr>\n<tr>\n<td><strong>Au\u00dfenmaterial<\/strong><\/td>\n<td>Polyester<\/td>\n<\/tr>\n<tr>\n<td><strong>Typ der \u00e4u\u00dferen Oberfl\u00e4che<\/strong><\/td>\n<td>Matt<\/td>\n<\/tr>\n<tr>\n<td><strong>Innenmaterial<\/strong><\/td>\n<td>Polyester<\/td>\n<\/tr>\n<tr>\n<td><strong>Anzahl von Einheiten<\/strong><\/td>\n<td>1 Jede<\/td>\n<\/tr>\n<tr>\n<td><strong>Artikel Abmessungen L x B x H<\/strong><\/td>\n<td>30,5L x 17,8B x 10,2H cm<\/td>\n<\/tr>\n<tr>\n<td><strong>Artikelgewicht<\/strong><\/td>\n<td>170 Gramm<\/td>\n<\/tr>\n<tr>\n<td><strong>Anzahl von St\u00fccken<\/strong><\/td>\n<td>1<\/td>\n<\/tr>\n<tr>\n<td><strong>Gr\u00f6\u00dfe<\/strong><\/td>\n<td>30 cm<\/td>\n<\/tr>\n<tr>\n<td><strong>Ma\u00dfstab<\/strong><\/td>\n<td>Tats\u00e4chliche Gr\u00f6\u00dfe<\/td>\n<\/tr>\n<tr>\n<td><strong>Artikelabmessungen<\/strong><\/td>\n<td>30,5 x 17,8 x 10,2 cm<\/td>\n<\/tr>\n<\/tbody>\n<\/table>\n<\/ul>","protected":false},"excerpt":{"rendered":"<p>Product Features BESTER FREUND: Das Original Steiff Pl\u00fcschtier ist nicht nur ein Kuscheltier, sondern auch der perfekte Spielkamerad f\u00fcr jedes<\/p>","protected":false},"featured_media":31947,"comment_status":"open","ping_status":"closed","template":"","meta":[],"product_brand":[],"product_cat":[150,151,152],"product_tag":[],"class_list":{"0":"post-31905","1":"product","2":"type-product","3":"status-publish","4":"has-post-thumbnail","6":"product_cat-collection-1","7":"product_cat-collection-2","8":"product_cat-startseite","10":"first","11":"instock","12":"shipping-taxable","13":"purchasable","14":"product-type-variable"},"jetpack_sharing_enabled":true,"_links":{"self":[{"href":"https:\/\/bolalamp.store\/en\/wp-json\/wp\/v2\/product\/31905","targetHints":{"allow":["GET"]}}],"collection":[{"href":"https:\/\/bolalamp.store\/en\/wp-json\/wp\/v2\/product"}],"about":[{"href":"https:\/\/bolalamp.store\/en\/wp-json\/wp\/v2\/types\/product"}],"replies":[{"embeddable":true,"href":"https:\/\/bolalamp.store\/en\/wp-json\/wp\/v2\/comments?post=31905"}],"version-history":[{"count":1,"href":"https:\/\/bolalamp.store\/en\/wp-json\/wp\/v2\/product\/31905\/revisions"}],"predecessor-version":[{"id":31948,"href":"https:\/\/bolalamp.store\/en\/wp-json\/wp\/v2\/product\/31905\/revisions\/31948"}],"wp:featuredmedia":[{"embeddable":true,"href":"https:\/\/bolalamp.store\/en\/wp-json\/wp\/v2\/media\/31947"}],"wp:attachment":[{"href":"https:\/\/bolalamp.store\/en\/wp-json\/wp\/v2\/media?parent=31905"}],"wp:term":[{"taxonomy":"product_brand","embeddable":true,"href":"https:\/\/bolalamp.store\/en\/wp-json\/wp\/v2\/product_brand?post=31905"},{"taxonomy":"product_cat","embeddable":true,"href":"https:\/\/bolalamp.store\/en\/wp-json\/wp\/v2\/product_cat?post=31905"},{"taxonomy":"product_tag","embeddable":true,"href":"https:\/\/bolalamp.store\/en\/wp-json\/wp\/v2\/product_tag?post=31905"}],"curies":[{"name":"wp","href":"https:\/\/api.w.org\/{rel}","templated":true}]}}