{"id":31903,"date":"2026-04-03T20:29:20","date_gmt":"2026-04-03T20:29:20","guid":{"rendered":"https:\/\/bolalamp.store\/product\/steiff-hoppie-hase-18-cm-hellgrau-pluschtier-hase-mit-schlappohren-soft-cuddly-friends-flauschiges-stofftier-zum-kuscheln-und-spielen-kuscheltier-fur-madchen-und-jungen-waschmaschinenfest\/"},"modified":"2026-04-03T20:31:42","modified_gmt":"2026-04-03T20:31:42","slug":"steiff-hoppie-hase-18-cm-hellgrau-pluschtier-hase-mit-schlappohren-soft-cuddly-friends-flauschiges-stofftier-zum-kuscheln-und-spielen-kuscheltier-fur-madchen-und-jungen-waschmaschinenfest","status":"publish","type":"product","link":"https:\/\/bolalamp.store\/en\/product\/steiff-hoppie-hase-18-cm-hellgrau-pluschtier-hase-mit-schlappohren-soft-cuddly-friends-flauschiges-stofftier-zum-kuscheln-und-spielen-kuscheltier-fur-madchen-und-jungen-waschmaschinenfest\/","title":{"rendered":"Steiff Hoppie Hase 18 cm hellgrau, Pl\u00fcschtier Hase mit Schlappohren, Soft Cuddly Friends"},"content":{"rendered":"<p><strong>Product Features<\/strong><\/p>\n<ul>\n<li>HOPPIE HASE Mit einer H\u00f6he von 18 cm ist der kleine, sitzende Stoffhase der ideale Begleiter f\u00fcr den Alltag &#8211; f\u00fcr Jungs und M\u00e4dchen. Waschmaschinenfest bei 30\u00b0C<\/li>\n<li>KUSCHELTIER HASE Der kleine Pl\u00fcschhase Hoppie ist ein treuer Begleiter, zum Kuscheln und Spielen f\u00fcr jedes Kind. Die langen Ohren eignen sich ideal, um das Greifen zu Lernen<\/li>\n<li>WEICH &#038; KUSCHELIG Unser Stoffier Hase Hoppie verzaubert jeden mit seinem hellgrauen, kuschelweichen Fell aus Pl\u00fcsch und Kunststoff Knopfaugen. Die eingearbeiteten Granulats\u00e4ckchen am Ges\u00e4\u00df, den Pfoten und den Sohlen sorgen f\u00fcr einen sicheren Halt<\/li>\n<li>KNOPF IM OHR Nat\u00fcrlich mit unserem original Edelstahl \u201eKnopf im Ohr\u201d<\/li>\n<li>F\u00dcR KINDER IST NUR DAS BESTE GUT GENUG Unsere Pl\u00fcschtiere \u00fcberzeugen mit gepr\u00fcfter Qualit\u00e4t, unbedenklichen Materialien und hochwertiger Verarbeitung. Das macht den Steiff Stoffhasen zu einem Freund f\u00fcrs Leben<\/li>\n<\/ul>\n<p><strong>Product Information<\/strong><\/p>\n<ul>\n<table style=\"margin-bottom:20px\">\n<tbody>\n<tr>\n<td><strong>Marke<\/strong><\/td>\n<td>Steiff<\/td>\n<\/tr>\n<tr>\n<td><strong>Spielzeugfigur-Typ<\/strong><\/td>\n<td>Stofftier<\/td>\n<\/tr>\n<tr>\n<td><strong>Charakter\/Lizenz<\/strong><\/td>\n<td>Hoppie<\/td>\n<\/tr>\n<tr>\n<td><strong>Zus\u00e4tzliche Markeninformationen<\/strong><\/td>\n<td>steiff<\/td>\n<\/tr>\n<tr>\n<td><strong>Hersteller vorgeschlagenes Alter Minimum<\/strong><\/td>\n<td>1.0<\/td>\n<\/tr>\n<tr>\n<td><strong>Modellname<\/strong><\/td>\n<td>Hoppie Hase<\/td>\n<\/tr>\n<tr>\n<td><strong>Anzahl von Einheiten<\/strong><\/td>\n<td>1 Anzahl<\/td>\n<\/tr>\n<tr>\n<td><strong>Modellnummer<\/strong><\/td>\n<td>080463<\/td>\n<\/tr>\n<tr>\n<td><strong>Garantie<\/strong><\/td>\n<td>2 Jahre Gew\u00e4hrleistung<\/td>\n<\/tr>\n<tr>\n<td><strong>Ausgabe<\/strong><\/td>\n<td>Regul\u00e4r<\/td>\n<\/tr>\n<tr>\n<td><strong>Global Trade Identification Number<\/strong><\/td>\n<td>04001505080463<\/td>\n<\/tr>\n<tr>\n<td><strong>Hersteller vorgeschlagenes Alter Maximum<\/strong><\/td>\n<td>99.0<\/td>\n<\/tr>\n<tr>\n<td><strong>Artikelnummer<\/strong><\/td>\n<td>080463<\/td>\n<\/tr>\n<tr>\n<td><strong>Namen des Sets<\/strong><\/td>\n<td>Soft Cuddly Friends<\/td>\n<\/tr>\n<tr>\n<td><strong>Beschreibung der Altersgruppe<\/strong><\/td>\n<td>Kind<\/td>\n<\/tr>\n<tr>\n<td><strong>Enthaltene Komponenten<\/strong><\/td>\n<td>Pl\u00fcschtier<\/td>\n<\/tr>\n<tr>\n<td><strong>Artikeltypbezeichnung<\/strong><\/td>\n<td>Soft Cuddly Friends Hoppie Hase<\/td>\n<\/tr>\n<tr>\n<td><strong>Hersteller<\/strong><\/td>\n<td>Steiff<\/td>\n<\/tr>\n<tr>\n<td><strong>Amazon Bestseller-Rang<\/strong><\/td>\n<td><\/td>\n<\/tr>\n<tr>\n<td><strong>ASIN<\/strong><\/td>\n<td>B0747N8RPZ<\/td>\n<\/tr>\n<tr>\n<td><strong>Durchschnittliche Kundenbewertung<\/strong><\/td>\n<td><\/td>\n<\/tr>\n<tr>\n<td><strong>Anzahl von Einheiten<\/strong><\/td>\n<td>1 Anzahl<\/td>\n<\/tr>\n<tr>\n<td><strong>Artikel Abmessungen L x B x H<\/strong><\/td>\n<td>18L x 15B x 11H cm<\/td>\n<\/tr>\n<tr>\n<td><strong>Anzahl von St\u00fccken<\/strong><\/td>\n<td>1<\/td>\n<\/tr>\n<tr>\n<td><strong>Gr\u00f6\u00dfe<\/strong><\/td>\n<td>18 cm<\/td>\n<\/tr>\n<tr>\n<td><strong>Ma\u00dfstab<\/strong><\/td>\n<td>Originalgr\u00f6\u00dfe<\/td>\n<\/tr>\n<tr>\n<td><strong>Artikelabmessungen<\/strong><\/td>\n<td>10,2 x 10,2 x 20,3 cm<\/td>\n<\/tr>\n<tr>\n<td><strong>Tiermotiv<\/strong><\/td>\n<td>Kaninchen<\/td>\n<\/tr>\n<tr>\n<td><strong>Thema<\/strong><\/td>\n<td>Kuscheltier<\/td>\n<\/tr>\n<tr>\n<td><strong>Farbe<\/strong><\/td>\n<td>Hellgrau<\/td>\n<\/tr>\n<tr>\n<td><strong>Charakter\/Lizenz<\/strong><\/td>\n<td>Hoppie<\/td>\n<\/tr>\n<tr>\n<td><strong>Sammlungsname<\/strong><\/td>\n<td>Soft Cuddly Friends<\/td>\n<\/tr>\n<tr>\n<td><strong>Stil<\/strong><\/td>\n<td>Single<\/td>\n<\/tr>\n<tr>\n<td><strong>Gelegenheit &#038; Anlass<\/strong><\/td>\n<td>Geburtstag, Geschenke<\/td>\n<\/tr>\n<tr>\n<td><strong>Montage erforderlich<\/strong><\/td>\n<td>Nein<\/td>\n<\/tr>\n<tr>\n<td><strong>Besondere Merkmale<\/strong><\/td>\n<td>waschmaschinenfest und original Steiff &#8218;Knopf im Ohr&#8216;<\/td>\n<\/tr>\n<tr>\n<td><strong>Batterien erforderlich<\/strong><\/td>\n<td>Nein<\/td>\n<\/tr>\n<tr>\n<td><strong>Handsigniert<\/strong><\/td>\n<td>Nein<\/td>\n<\/tr>\n<tr>\n<td><strong>Ort der Spielaktivit\u00e4t<\/strong><\/td>\n<td>Tisch<\/td>\n<\/tr>\n<tr>\n<td><strong>Anwendungsbereich<\/strong><\/td>\n<td>Kuscheln, Spielen (innen)<\/td>\n<\/tr>\n<tr>\n<td><strong>Lernziel<\/strong><\/td>\n<td>Komfort und Unterst\u00fctzung der Feinmotorik bei Kindern<\/td>\n<\/tr>\n<tr>\n<td><strong>Brustpumpentyp<\/strong><\/td>\n<td>Manuell<\/td>\n<\/tr>\n<tr>\n<td><strong>Anzahl von Spielern<\/strong><\/td>\n<td>1<\/td>\n<\/tr>\n<tr>\n<td><strong>Betriebsart<\/strong><\/td>\n<td>Manuell<\/td>\n<\/tr>\n<tr>\n<td><strong>Material<\/strong><\/td>\n<td>Polyester<\/td>\n<\/tr>\n<tr>\n<td><strong>Au\u00dfenmaterial<\/strong><\/td>\n<td>Polyester<\/td>\n<\/tr>\n<tr>\n<td><strong>Typ der \u00e4u\u00dferen Oberfl\u00e4che<\/strong><\/td>\n<td>Matt<\/td>\n<\/tr>\n<tr>\n<td><strong>Haartyp<\/strong><\/td>\n<td>alle<\/td>\n<\/tr>\n<tr>\n<td><strong>Innenmaterial<\/strong><\/td>\n<td>Polyester<\/td>\n<\/tr>\n<tr>\n<td><strong>Montage erforderlich<\/strong><\/td>\n<td>Nein<\/td>\n<\/tr>\n<\/tbody>\n<\/table>\n<\/ul>","protected":false},"excerpt":{"rendered":"<p>Product Features HOPPIE HASE Mit einer H\u00f6he von 18 cm ist der kleine, sitzende Stoffhase der ideale Begleiter f\u00fcr den<\/p>","protected":false},"featured_media":31951,"comment_status":"open","ping_status":"closed","template":"","meta":[],"product_brand":[],"product_cat":[150,151,152],"product_tag":[],"class_list":{"0":"post-31903","1":"product","2":"type-product","3":"status-publish","4":"has-post-thumbnail","6":"product_cat-collection-1","7":"product_cat-collection-2","8":"product_cat-startseite","10":"first","11":"instock","12":"shipping-taxable","13":"purchasable","14":"product-type-simple"},"jetpack_sharing_enabled":true,"_links":{"self":[{"href":"https:\/\/bolalamp.store\/en\/wp-json\/wp\/v2\/product\/31903","targetHints":{"allow":["GET"]}}],"collection":[{"href":"https:\/\/bolalamp.store\/en\/wp-json\/wp\/v2\/product"}],"about":[{"href":"https:\/\/bolalamp.store\/en\/wp-json\/wp\/v2\/types\/product"}],"replies":[{"embeddable":true,"href":"https:\/\/bolalamp.store\/en\/wp-json\/wp\/v2\/comments?post=31903"}],"version-history":[{"count":1,"href":"https:\/\/bolalamp.store\/en\/wp-json\/wp\/v2\/product\/31903\/revisions"}],"predecessor-version":[{"id":31952,"href":"https:\/\/bolalamp.store\/en\/wp-json\/wp\/v2\/product\/31903\/revisions\/31952"}],"wp:featuredmedia":[{"embeddable":true,"href":"https:\/\/bolalamp.store\/en\/wp-json\/wp\/v2\/media\/31951"}],"wp:attachment":[{"href":"https:\/\/bolalamp.store\/en\/wp-json\/wp\/v2\/media?parent=31903"}],"wp:term":[{"taxonomy":"product_brand","embeddable":true,"href":"https:\/\/bolalamp.store\/en\/wp-json\/wp\/v2\/product_brand?post=31903"},{"taxonomy":"product_cat","embeddable":true,"href":"https:\/\/bolalamp.store\/en\/wp-json\/wp\/v2\/product_cat?post=31903"},{"taxonomy":"product_tag","embeddable":true,"href":"https:\/\/bolalamp.store\/en\/wp-json\/wp\/v2\/product_tag?post=31903"}],"curies":[{"name":"wp","href":"https:\/\/api.w.org\/{rel}","templated":true}]}}