{"id":31901,"date":"2026-04-03T20:29:20","date_gmt":"2026-04-03T20:29:20","guid":{"rendered":"https:\/\/bolalamp.store\/product\/steiff-hoppie-balletthase-30cm-bunt-pluschtier-mit-schlappohren-flauschiges-stofftier-im-ballett-outfit-zum-kuscheln-und-spielen-kuscheltier-fur-madchen-und-jungen-waschmaschinenfest\/"},"modified":"2026-04-03T20:31:39","modified_gmt":"2026-04-03T20:31:39","slug":"steiff-hoppie-balletthase-30cm-bunt-pluschtier-mit-schlappohren-flauschiges-stofftier-im-ballett-outfit-zum-kuscheln-und-spielen-kuscheltier-fur-madchen-und-jungen-waschmaschinenfest","status":"publish","type":"product","link":"https:\/\/bolalamp.store\/en\/product\/steiff-hoppie-balletthase-30cm-bunt-pluschtier-mit-schlappohren-flauschiges-stofftier-im-ballett-outfit-zum-kuscheln-und-spielen-kuscheltier-fur-madchen-und-jungen-waschmaschinenfest\/","title":{"rendered":"Steiff Hoppie Balletthase 30cm bunt, Pl\u00fcschtier mit Schlappohren, Flauschiges Stofftier im Ballett-Outfit zum Kuscheln"},"content":{"rendered":"<p><strong>Product Features<\/strong><\/p>\n<ul>\n<li>ZAUBERHAFTES BALLERINA-OUTFIT Hoppie Hase tr\u00e4gt einen rosa Softboa-Body, ein T\u00fcll-Accessoire und ein fest vern\u00e4htes Ballerina-Tutu, das perfekt zu ihrem niedlichen N\u00e4schen passt<\/li>\n<li>GRAZIL Dank ihres puppenartigen Schlenkerk\u00f6rpers und Granulats\u00e4ckchen an Ges\u00e4\u00df, Armen und F\u00fc\u00dfen bleibt Hoppie sicher in Position \u2013 ideal f\u00fcr Pli\u00e9 und Pirouetten<\/li>\n<li>PERFEKTE BEGLEITERIN Mit einer Gr\u00f6\u00dfe von 30 cm ist Hoppie der ideale Tanzpartner f\u00fcr Ballettbegeisterte jeden Alters, w\u00e4hrend ihre langen Ohren elegant im Takt schwingen<\/li>\n<li>F\u00dcR KINDER IST NUR DAS BESTE GUT GENUG Unsere Pl\u00fcschtiere \u00fcberzeugen mit gepr\u00fcfter Qualit\u00e4t, unbedenklichen Materialien und hochwertiger Verarbeitung. Das macht das Pl\u00fcschtier zu einem Freund f\u00fcrs Leben<\/li>\n<li>ORIGINAL STEIFF PL\u00dcSCHTIER Der \u201eKnopf im Ohr\u201c steht f\u00fcr unser Versprechen an Sie: Kuscheltiere mit h\u00f6chsten Anforderungen an Qualit\u00e4t, Sicherheit, Verarbeitung und Materialbeschaffenheit. Diese Tradition erhalten wir stolz seit 1880<\/li>\n<\/ul>\n<p><strong>Product Information<\/strong><\/p>\n<ul>\n<table style=\"margin-bottom:20px\">\n<tbody>\n<tr>\n<td><strong>Marke<\/strong><\/td>\n<td>Steiff<\/td>\n<\/tr>\n<tr>\n<td><strong>Spielzeugfigur-Typ<\/strong><\/td>\n<td>Stofftier<\/td>\n<\/tr>\n<tr>\n<td><strong>Charakter\/Lizenz<\/strong><\/td>\n<td>Hase<\/td>\n<\/tr>\n<tr>\n<td><strong>Hersteller vorgeschlagenes Alter Minimum<\/strong><\/td>\n<td>36.0<\/td>\n<\/tr>\n<tr>\n<td><strong>Modellname<\/strong><\/td>\n<td>081064<\/td>\n<\/tr>\n<tr>\n<td><strong>Anzahl von Einheiten<\/strong><\/td>\n<td>1.0 st\u00fcck<\/td>\n<\/tr>\n<tr>\n<td><strong>Modellnummer<\/strong><\/td>\n<td>081064<\/td>\n<\/tr>\n<tr>\n<td><strong>Garantie<\/strong><\/td>\n<td>Nein<\/td>\n<\/tr>\n<tr>\n<td><strong>Hersteller vorgeschlagenes Alter Maximum<\/strong><\/td>\n<td>1188.0<\/td>\n<\/tr>\n<tr>\n<td><strong>Artikelnummer<\/strong><\/td>\n<td>081064<\/td>\n<\/tr>\n<tr>\n<td><strong>Enthaltene Komponenten<\/strong><\/td>\n<td>Pl\u00fcschtier<\/td>\n<\/tr>\n<tr>\n<td><strong>Artikeltypbezeichnung<\/strong><\/td>\n<td>Hase Pl\u00fcsch<\/td>\n<\/tr>\n<tr>\n<td><strong>Hersteller<\/strong><\/td>\n<td>Steiff<\/td>\n<\/tr>\n<tr>\n<td><strong>Amazon Bestseller-Rang<\/strong><\/td>\n<td><\/td>\n<\/tr>\n<tr>\n<td><strong>ASIN<\/strong><\/td>\n<td>B0DR71RMW8<\/td>\n<\/tr>\n<tr>\n<td><strong>Durchschnittliche Kundenbewertung<\/strong><\/td>\n<td><\/td>\n<\/tr>\n<tr>\n<td><strong>Anzahl von Einheiten<\/strong><\/td>\n<td>1.0 st\u00fcck<\/td>\n<\/tr>\n<tr>\n<td><strong>Artikel Abmessungen L x B x H<\/strong><\/td>\n<td>30L x 21B x 11H cm<\/td>\n<\/tr>\n<tr>\n<td><strong>Anzahl von St\u00fccken<\/strong><\/td>\n<td>1<\/td>\n<\/tr>\n<tr>\n<td><strong>Gr\u00f6\u00dfe<\/strong><\/td>\n<td>30 cm<\/td>\n<\/tr>\n<tr>\n<td><strong>Ma\u00dfstab<\/strong><\/td>\n<td>30 cm<\/td>\n<\/tr>\n<tr>\n<td><strong>Artikelabmessungen<\/strong><\/td>\n<td>20,3 x 30,5 x 10,2 cm<\/td>\n<\/tr>\n<tr>\n<td><strong>Tiermotiv<\/strong><\/td>\n<td>Kaninchen<\/td>\n<\/tr>\n<tr>\n<td><strong>Thema<\/strong><\/td>\n<td>Tier<\/td>\n<\/tr>\n<tr>\n<td><strong>Farbe<\/strong><\/td>\n<td>Mehrfarbig<\/td>\n<\/tr>\n<tr>\n<td><strong>Charakter\/Lizenz<\/strong><\/td>\n<td>Hase<\/td>\n<\/tr>\n<tr>\n<td><strong>Sammlungsname<\/strong><\/td>\n<td>Steiff<\/td>\n<\/tr>\n<tr>\n<td><strong>Stil<\/strong><\/td>\n<td>Klassisch<\/td>\n<\/tr>\n<tr>\n<td><strong>Montage erforderlich<\/strong><\/td>\n<td>Nein<\/td>\n<\/tr>\n<tr>\n<td><strong>Besondere Merkmale<\/strong><\/td>\n<td>Granulats\u00e4ckchen f\u00fcr Stabilit\u00e4t und Ballerina-Tutu<\/td>\n<\/tr>\n<tr>\n<td><strong>Batterien erforderlich<\/strong><\/td>\n<td>Nein<\/td>\n<\/tr>\n<tr>\n<td><strong>Handsigniert<\/strong><\/td>\n<td>Nein<\/td>\n<\/tr>\n<tr>\n<td><strong>Ort der Spielaktivit\u00e4t<\/strong><\/td>\n<td>Boden<\/td>\n<\/tr>\n<tr>\n<td><strong>Lernziel<\/strong><\/td>\n<td>F\u00f6rdern Sie das Interesse am Tanz und verbessern Sie die motorischen F\u00e4higkeiten durch das Spiel<\/td>\n<\/tr>\n<tr>\n<td><strong>Brustpumpentyp<\/strong><\/td>\n<td>Manuell<\/td>\n<\/tr>\n<tr>\n<td><strong>Betriebsart<\/strong><\/td>\n<td>Manuell<\/td>\n<\/tr>\n<tr>\n<td><strong>Material<\/strong><\/td>\n<td>Polyester<\/td>\n<\/tr>\n<tr>\n<td><strong>Au\u00dfenmaterial<\/strong><\/td>\n<td>Polyester-Pl\u00fcschtier<\/td>\n<\/tr>\n<tr>\n<td><strong>Montage erforderlich<\/strong><\/td>\n<td>Nein<\/td>\n<\/tr>\n<\/tbody>\n<\/table>\n<\/ul>","protected":false},"excerpt":{"rendered":"<p>Product Features ZAUBERHAFTES BALLERINA-OUTFIT Hoppie Hase tr\u00e4gt einen rosa Softboa-Body, ein T\u00fcll-Accessoire und ein fest vern\u00e4htes Ballerina-Tutu, das perfekt zu<\/p>","protected":false},"featured_media":31949,"comment_status":"open","ping_status":"closed","template":"","meta":[],"product_brand":[],"product_cat":[150,151,152],"product_tag":[],"class_list":{"0":"post-31901","1":"product","2":"type-product","3":"status-publish","4":"has-post-thumbnail","6":"product_cat-collection-1","7":"product_cat-collection-2","8":"product_cat-startseite","10":"first","11":"instock","12":"shipping-taxable","13":"purchasable","14":"product-type-simple"},"jetpack_sharing_enabled":true,"_links":{"self":[{"href":"https:\/\/bolalamp.store\/en\/wp-json\/wp\/v2\/product\/31901","targetHints":{"allow":["GET"]}}],"collection":[{"href":"https:\/\/bolalamp.store\/en\/wp-json\/wp\/v2\/product"}],"about":[{"href":"https:\/\/bolalamp.store\/en\/wp-json\/wp\/v2\/types\/product"}],"replies":[{"embeddable":true,"href":"https:\/\/bolalamp.store\/en\/wp-json\/wp\/v2\/comments?post=31901"}],"version-history":[{"count":1,"href":"https:\/\/bolalamp.store\/en\/wp-json\/wp\/v2\/product\/31901\/revisions"}],"predecessor-version":[{"id":31950,"href":"https:\/\/bolalamp.store\/en\/wp-json\/wp\/v2\/product\/31901\/revisions\/31950"}],"wp:featuredmedia":[{"embeddable":true,"href":"https:\/\/bolalamp.store\/en\/wp-json\/wp\/v2\/media\/31949"}],"wp:attachment":[{"href":"https:\/\/bolalamp.store\/en\/wp-json\/wp\/v2\/media?parent=31901"}],"wp:term":[{"taxonomy":"product_brand","embeddable":true,"href":"https:\/\/bolalamp.store\/en\/wp-json\/wp\/v2\/product_brand?post=31901"},{"taxonomy":"product_cat","embeddable":true,"href":"https:\/\/bolalamp.store\/en\/wp-json\/wp\/v2\/product_cat?post=31901"},{"taxonomy":"product_tag","embeddable":true,"href":"https:\/\/bolalamp.store\/en\/wp-json\/wp\/v2\/product_tag?post=31901"}],"curies":[{"name":"wp","href":"https:\/\/api.w.org\/{rel}","templated":true}]}}