{"id":31900,"date":"2026-04-03T20:29:19","date_gmt":"2026-04-03T20:29:19","guid":{"rendered":"https:\/\/bolalamp.store\/product\/steiff-gina-giraffe-hellbraun-gefleckt-23-cm-soft-cuddly-friends-aufrecht-sitzend-durch-granulatsackchen-kuscheltier-giraffe-zootier-pluschtier-flauschiges-safari-tier\/"},"modified":"2026-04-03T20:31:44","modified_gmt":"2026-04-03T20:31:44","slug":"steiff-gina-giraffe-hellbraun-gefleckt-23-cm-soft-cuddly-friends-aufrecht-sitzend-durch-granulatsackchen-kuscheltier-giraffe-zootier-pluschtier-flauschiges-safari-tier","status":"publish","type":"product","link":"https:\/\/bolalamp.store\/en\/product\/steiff-gina-giraffe-hellbraun-gefleckt-23-cm-soft-cuddly-friends-aufrecht-sitzend-durch-granulatsackchen-kuscheltier-giraffe-zootier-pluschtier-flauschiges-safari-tier\/","title":{"rendered":"Steiff Gina Giraffe Hellbraun gefleckt 23 cm, Soft Cuddly Friends, aufrecht sitzend durch Granulats\u00e4ckchen"},"content":{"rendered":"<p><strong>Product Features<\/strong><\/p>\n<ul>\n<li>BESTER FREUND Unsere Steiff Giraffe Gina ist ein treuer Kuschel- und Spielkamerad f\u00fcr jedes Kind<\/li>\n<li>BESONDERES SPIELERLEBNIS Das Granulats\u00e4ckchen im Hinterteil l\u00e4sst die 23 cm gro\u00dfe Gina Giraffe aufrecht sitzen und f\u00fchlt sich au\u00dferdem ganz toll an<\/li>\n<li>PL\u00dcSCH GIRAFFE Die Kuscheltier-Giraffe besteht aus schmuseweichem Pl\u00fcsch und ist au\u00dferdem pflegeleicht. Das Stofftier ist waschmaschinenfest bei 30\u00b0C. Bereite dich auf eine Safari im Kinderzimmer vor<\/li>\n<li>ORIGINAL STEIFF PL\u00dcSCHTIER Der \u201eKnopf im Ohr\u201c steht f\u00fcr unser Versprechen an Sie: Kuscheltiere mit h\u00f6chsten Anforderungen an Qualit\u00e4t, Sicherheit, Verarbeitung und Materialbeschaffenheit. Diese Tradition erhalten wir stolz seit 1880<\/li>\n<li>F\u00dcR KINDER IST NUR DAS BESTE GUT GENUG Unsere Pl\u00fcschtiere \u00fcberzeugen mit gepr\u00fcfter Qualit\u00e4t, unbedenklichen Materialien und hochwertiger Verarbeitung. Das macht die Steiff Gina Giraffe zu einem Freund f\u00fcrs Leben<\/li>\n<\/ul>\n<p><strong>Product Information<\/strong><\/p>\n<ul>\n<table style=\"margin-bottom:20px\">\n<tbody>\n<tr>\n<td><strong>Marke<\/strong><\/td>\n<td>Steiff<\/td>\n<\/tr>\n<tr>\n<td><strong>Spielzeugfigur-Typ<\/strong><\/td>\n<td>Stofftier<\/td>\n<\/tr>\n<tr>\n<td><strong>Charakter\/Lizenz<\/strong><\/td>\n<td>Giraffe<\/td>\n<\/tr>\n<tr>\n<td><strong>Hersteller vorgeschlagenes Alter Minimum<\/strong><\/td>\n<td>18.0<\/td>\n<\/tr>\n<tr>\n<td><strong>Modellname<\/strong><\/td>\n<td>Soft Cuddly Friends<\/td>\n<\/tr>\n<tr>\n<td><strong>Anzahl von Einheiten<\/strong><\/td>\n<td>1 Anzahl<\/td>\n<\/tr>\n<tr>\n<td><strong>Modellnummer<\/strong><\/td>\n<td>068201<\/td>\n<\/tr>\n<tr>\n<td><strong>Herkunftsland<\/strong><\/td>\n<td>Kambodscha<\/td>\n<\/tr>\n<tr>\n<td><strong>Garantie<\/strong><\/td>\n<td>Nicht zutreffend<\/td>\n<\/tr>\n<tr>\n<td><strong>Verpackung<\/strong><\/td>\n<td>[POSSIBLY] FFP<\/td>\n<\/tr>\n<tr>\n<td><strong>Hersteller vorgeschlagenes Alter Maximum<\/strong><\/td>\n<td>1188.0<\/td>\n<\/tr>\n<tr>\n<td><strong>Artikelnummer<\/strong><\/td>\n<td>068201<\/td>\n<\/tr>\n<tr>\n<td><strong>Namen des Sets<\/strong><\/td>\n<td>Soft Cuddly Friends<\/td>\n<\/tr>\n<tr>\n<td><strong>Beschreibung der Altersgruppe<\/strong><\/td>\n<td>Kind<\/td>\n<\/tr>\n<tr>\n<td><strong>Enthaltene Komponenten<\/strong><\/td>\n<td>Pl\u00fcschtier<\/td>\n<\/tr>\n<tr>\n<td><strong>Artikeltypbezeichnung<\/strong><\/td>\n<td>Soft Cuddly Friends Gina Giraffe<\/td>\n<\/tr>\n<tr>\n<td><strong>Hersteller<\/strong><\/td>\n<td>Steiff<\/td>\n<\/tr>\n<tr>\n<td><strong>Amazon Bestseller-Rang<\/strong><\/td>\n<td><\/td>\n<\/tr>\n<tr>\n<td><strong>ASIN<\/strong><\/td>\n<td>B0BMW23P8L<\/td>\n<\/tr>\n<tr>\n<td><strong>Durchschnittliche Kundenbewertung<\/strong><\/td>\n<td><\/td>\n<\/tr>\n<tr>\n<td><strong>Montage erforderlich<\/strong><\/td>\n<td>Nein<\/td>\n<\/tr>\n<tr>\n<td><strong>Tiermotiv<\/strong><\/td>\n<td>Giraffe<\/td>\n<\/tr>\n<tr>\n<td><strong>Thema<\/strong><\/td>\n<td>Tier<\/td>\n<\/tr>\n<tr>\n<td><strong>Farbe<\/strong><\/td>\n<td>Seasame<\/td>\n<\/tr>\n<tr>\n<td><strong>Charakter\/Lizenz<\/strong><\/td>\n<td>Giraffe<\/td>\n<\/tr>\n<tr>\n<td><strong>Sammlungsname<\/strong><\/td>\n<td>Savannah<\/td>\n<\/tr>\n<tr>\n<td><strong>Stil<\/strong><\/td>\n<td>Modern<\/td>\n<\/tr>\n<tr>\n<td><strong>Montage erforderlich<\/strong><\/td>\n<td>Nein<\/td>\n<\/tr>\n<tr>\n<td><strong>Besondere Merkmale<\/strong><\/td>\n<td>Waschbar<\/td>\n<\/tr>\n<tr>\n<td><strong>Batterien erforderlich<\/strong><\/td>\n<td>Nein<\/td>\n<\/tr>\n<tr>\n<td><strong>Handsigniert<\/strong><\/td>\n<td>Nein<\/td>\n<\/tr>\n<tr>\n<td><strong>Ort der Spielaktivit\u00e4t<\/strong><\/td>\n<td>Tisch<\/td>\n<\/tr>\n<tr>\n<td><strong>Brustpumpentyp<\/strong><\/td>\n<td>Manuell<\/td>\n<\/tr>\n<tr>\n<td><strong>Anzahl von Spielern<\/strong><\/td>\n<td>1<\/td>\n<\/tr>\n<tr>\n<td><strong>Betriebsart<\/strong><\/td>\n<td>Bedienungsanleitung<\/td>\n<\/tr>\n<tr>\n<td><strong>Material<\/strong><\/td>\n<td>Polyester<\/td>\n<\/tr>\n<tr>\n<td><strong>Au\u00dfenmaterial<\/strong><\/td>\n<td>Baumwolle<\/td>\n<\/tr>\n<tr>\n<td><strong>Typ der \u00e4u\u00dferen Oberfl\u00e4che<\/strong><\/td>\n<td>Matt<\/td>\n<\/tr>\n<tr>\n<td><strong>Innenmaterial<\/strong><\/td>\n<td>Polyester<\/td>\n<\/tr>\n<tr>\n<td><strong>Anzahl von Einheiten<\/strong><\/td>\n<td>1 Anzahl<\/td>\n<\/tr>\n<tr>\n<td><strong>Artikel Abmessungen L x B x H<\/strong><\/td>\n<td>23L x 15B x 7H cm<\/td>\n<\/tr>\n<tr>\n<td><strong>Anzahl von St\u00fccken<\/strong><\/td>\n<td>1<\/td>\n<\/tr>\n<tr>\n<td><strong>Gr\u00f6\u00dfe<\/strong><\/td>\n<td>23cm<\/td>\n<\/tr>\n<tr>\n<td><strong>Ma\u00dfstab<\/strong><\/td>\n<td>Halbgr\u00f6\u00dfe<\/td>\n<\/tr>\n<tr>\n<td><strong>Artikelabmessungen<\/strong><\/td>\n<td>23 x 15 x 7 cm<\/td>\n<\/tr>\n<\/tbody>\n<\/table>\n<\/ul>\n","protected":false},"excerpt":{"rendered":"<p>Product Features BESTER FREUND Unsere Steiff Giraffe Gina ist ein treuer Kuschel- und Spielkamerad f\u00fcr jedes Kind BESONDERES SPIELERLEBNIS Das<\/p>","protected":false},"featured_media":31953,"comment_status":"open","ping_status":"closed","template":"","meta":[],"product_brand":[],"product_cat":[150,151,152],"product_tag":[],"class_list":{"0":"post-31900","1":"product","2":"type-product","3":"status-publish","4":"has-post-thumbnail","6":"product_cat-collection-1","7":"product_cat-collection-2","8":"product_cat-startseite","10":"first","11":"instock","12":"shipping-taxable","13":"purchasable","14":"product-type-simple"},"jetpack_sharing_enabled":true,"_links":{"self":[{"href":"https:\/\/bolalamp.store\/en\/wp-json\/wp\/v2\/product\/31900","targetHints":{"allow":["GET"]}}],"collection":[{"href":"https:\/\/bolalamp.store\/en\/wp-json\/wp\/v2\/product"}],"about":[{"href":"https:\/\/bolalamp.store\/en\/wp-json\/wp\/v2\/types\/product"}],"replies":[{"embeddable":true,"href":"https:\/\/bolalamp.store\/en\/wp-json\/wp\/v2\/comments?post=31900"}],"version-history":[{"count":1,"href":"https:\/\/bolalamp.store\/en\/wp-json\/wp\/v2\/product\/31900\/revisions"}],"predecessor-version":[{"id":31954,"href":"https:\/\/bolalamp.store\/en\/wp-json\/wp\/v2\/product\/31900\/revisions\/31954"}],"wp:featuredmedia":[{"embeddable":true,"href":"https:\/\/bolalamp.store\/en\/wp-json\/wp\/v2\/media\/31953"}],"wp:attachment":[{"href":"https:\/\/bolalamp.store\/en\/wp-json\/wp\/v2\/media?parent=31900"}],"wp:term":[{"taxonomy":"product_brand","embeddable":true,"href":"https:\/\/bolalamp.store\/en\/wp-json\/wp\/v2\/product_brand?post=31900"},{"taxonomy":"product_cat","embeddable":true,"href":"https:\/\/bolalamp.store\/en\/wp-json\/wp\/v2\/product_cat?post=31900"},{"taxonomy":"product_tag","embeddable":true,"href":"https:\/\/bolalamp.store\/en\/wp-json\/wp\/v2\/product_tag?post=31900"}],"curies":[{"name":"wp","href":"https:\/\/api.w.org\/{rel}","templated":true}]}}