{"id":31895,"date":"2026-04-03T20:29:18","date_gmt":"2026-04-03T20:29:18","guid":{"rendered":"https:\/\/bolalamp.store\/product\/steiff-bodo-affe-30-cm-plusch-affe-soft-cuddly-friends-kuscheltier-fur-kinder-aus-kuschelweichem-plusch-weich-und-waschmaschinenfest-braun\/"},"modified":"2026-04-03T20:31:45","modified_gmt":"2026-04-03T20:31:45","slug":"steiff-bodo-affe-30-cm-plusch-affe-soft-cuddly-friends-kuscheltier-fur-kinder-aus-kuschelweichem-plusch-weich-und-waschmaschinenfest-braun","status":"publish","type":"product","link":"https:\/\/bolalamp.store\/en\/product\/steiff-bodo-affe-30-cm-plusch-affe-soft-cuddly-friends-kuscheltier-fur-kinder-aus-kuschelweichem-plusch-weich-und-waschmaschinenfest-braun\/","title":{"rendered":"Steiff Bodo Affe 30 cm, Pl\u00fcsch-Affe, Soft Cuddly Friends, Kuscheltier f\u00fcr Kinder"},"content":{"rendered":"<p><strong>Product Features<\/strong><\/p>\n<ul>\n<li>BESTER FREUND Unser Soft Cuddly Friends Bodo Affe ist ein treuer Begleiter f\u00fcr jedes Kind. Er ist f\u00fcr jeden Spa\u00df zu haben und am liebsten kuschelt er<\/li>\n<li>MA\u00dfE &#038; PFLEGE Der Affe ist 30 cm gro\u00df und bei 30\u00b0 Grad in der Waschmaschine waschbar<\/li>\n<li>WEICH &#038; KUSCHELIG Bodo ist aus kuschelweichem Pl\u00fcsch und ein wahrer Freund f\u00fcrs Leben<\/li>\n<li>BESONDERES SPIELERLEBNIS Der Affe ist ein teuer Kuschelfreund und liebt es Ihr Kind auf jedes Abenteuer zu begleiten<\/li>\n<li>ORIGINAL STEIFF PL\u00dcSCHTIER Der \u201eKnopf im Ohr\u201c steht f\u00fcr unser Versprechen an Sie: Kuscheltiere mit h\u00f6chsten Anforderungen an Qualit\u00e4t, Sicherheit, Verarbeitung und Materialbeschaffenheit. Diese Tradition erhalten wir stolz seit 1880<\/li>\n<\/ul>\n<p><strong>Product Information<\/strong><\/p>\n<ul>\n<table style=\"margin-bottom:20px\">\n<tbody>\n<tr>\n<td><strong>Marke<\/strong><\/td>\n<td>Steiff<\/td>\n<\/tr>\n<tr>\n<td><strong>Spielzeugfigur-Typ<\/strong><\/td>\n<td>Stofftier<\/td>\n<\/tr>\n<tr>\n<td><strong>Charakter\/Lizenz<\/strong><\/td>\n<td>Bodo<\/td>\n<\/tr>\n<tr>\n<td><strong>Zus\u00e4tzliche Markeninformationen<\/strong><\/td>\n<td>steckbrief,steiff-soft<\/td>\n<\/tr>\n<tr>\n<td><strong>Modellname<\/strong><\/td>\n<td>Bodo Affe<\/td>\n<\/tr>\n<tr>\n<td><strong>Anzahl von Einheiten<\/strong><\/td>\n<td>1 Jede<\/td>\n<\/tr>\n<tr>\n<td><strong>Modellnummer<\/strong><\/td>\n<td>060427<\/td>\n<\/tr>\n<tr>\n<td><strong>Herkunftsland<\/strong><\/td>\n<td>Kambodscha<\/td>\n<\/tr>\n<tr>\n<td><strong>Garantie<\/strong><\/td>\n<td>&#8222;Gesetzliche Gew\u00e4hrleistung&#8220;<\/td>\n<\/tr>\n<tr>\n<td><strong>Verpackung<\/strong><\/td>\n<td>FFP<\/td>\n<\/tr>\n<tr>\n<td><strong>Global Trade Identification Number<\/strong><\/td>\n<td>04001505060427<\/td>\n<\/tr>\n<tr>\n<td><strong>Hersteller vorgeschlagenes Alter Maximum<\/strong><\/td>\n<td>1188.0<\/td>\n<\/tr>\n<tr>\n<td><strong>Artikelnummer<\/strong><\/td>\n<td>060427<\/td>\n<\/tr>\n<tr>\n<td><strong>Namen des Sets<\/strong><\/td>\n<td>Soft Cuddly Friends<\/td>\n<\/tr>\n<tr>\n<td><strong>Beschreibung der Altersgruppe<\/strong><\/td>\n<td>Kind<\/td>\n<\/tr>\n<tr>\n<td><strong>Enthaltene Komponenten<\/strong><\/td>\n<td>Pl\u00fcschtier<\/td>\n<\/tr>\n<tr>\n<td><strong>Artikeltypbezeichnung<\/strong><\/td>\n<td>Soft Cuddly Friends Bodo Affe<\/td>\n<\/tr>\n<tr>\n<td><strong>Hersteller<\/strong><\/td>\n<td>Steiff<\/td>\n<\/tr>\n<tr>\n<td><strong>Amazon Bestseller-Rang<\/strong><\/td>\n<td><\/td>\n<\/tr>\n<tr>\n<td><strong>ASIN<\/strong><\/td>\n<td>B08QRQZTGT<\/td>\n<\/tr>\n<tr>\n<td><strong>Durchschnittliche Kundenbewertung<\/strong><\/td>\n<td><\/td>\n<\/tr>\n<tr>\n<td><strong>Montage erforderlich<\/strong><\/td>\n<td>Nein<\/td>\n<\/tr>\n<tr>\n<td><strong>Tiermotiv<\/strong><\/td>\n<td>Affe<\/td>\n<\/tr>\n<tr>\n<td><strong>Thema<\/strong><\/td>\n<td>Tier<\/td>\n<\/tr>\n<tr>\n<td><strong>Farbe<\/strong><\/td>\n<td>Braun<\/td>\n<\/tr>\n<tr>\n<td><strong>Charakter\/Lizenz<\/strong><\/td>\n<td>Bodo<\/td>\n<\/tr>\n<tr>\n<td><strong>Sammlungsname<\/strong><\/td>\n<td>Pl\u00fcschtiere<\/td>\n<\/tr>\n<tr>\n<td><strong>Stil<\/strong><\/td>\n<td>Affe<\/td>\n<\/tr>\n<tr>\n<td><strong>Gelegenheit &#038; Anlass<\/strong><\/td>\n<td>Geburtstag, Nikolaus, Ostern, Trostpflaster, Weihnachten<\/td>\n<\/tr>\n<tr>\n<td><strong>Montage erforderlich<\/strong><\/td>\n<td>Nein<\/td>\n<\/tr>\n<tr>\n<td><strong>Besondere Merkmale<\/strong><\/td>\n<td>Washable<\/td>\n<\/tr>\n<tr>\n<td><strong>Batterien erforderlich<\/strong><\/td>\n<td>Nein<\/td>\n<\/tr>\n<tr>\n<td><strong>Handsigniert<\/strong><\/td>\n<td>Nein<\/td>\n<\/tr>\n<tr>\n<td><strong>Ort der Spielaktivit\u00e4t<\/strong><\/td>\n<td>Boden<\/td>\n<\/tr>\n<tr>\n<td><strong>Anwendungsbereich<\/strong><\/td>\n<td>Kuscheln, Spielen, Begleiter auf Abenteuer<\/td>\n<\/tr>\n<tr>\n<td><strong>Brustpumpentyp<\/strong><\/td>\n<td>Manuell<\/td>\n<\/tr>\n<tr>\n<td><strong>Material<\/strong><\/td>\n<td>Polyester<\/td>\n<\/tr>\n<tr>\n<td><strong>Au\u00dfenmaterial<\/strong><\/td>\n<td>Polyester<\/td>\n<\/tr>\n<tr>\n<td><strong>Innenmaterial<\/strong><\/td>\n<td>Polyester<\/td>\n<\/tr>\n<tr>\n<td><strong>Anzahl von Einheiten<\/strong><\/td>\n<td>1 Jede<\/td>\n<\/tr>\n<tr>\n<td><strong>Artikel Abmessungen L x B x H<\/strong><\/td>\n<td>30L x 22B x 12H cm<\/td>\n<\/tr>\n<tr>\n<td><strong>Anzahl von St\u00fccken<\/strong><\/td>\n<td>1<\/td>\n<\/tr>\n<tr>\n<td><strong>Gr\u00f6\u00dfe<\/strong><\/td>\n<td>30 cm<\/td>\n<\/tr>\n<tr>\n<td><strong>Artikelabmessungen<\/strong><\/td>\n<td>30 x 22 x 12 cm<\/td>\n<\/tr>\n<\/tbody>\n<\/table>\n<\/ul>","protected":false},"excerpt":{"rendered":"<p>Product Features BESTER FREUND Unser Soft Cuddly Friends Bodo Affe ist ein treuer Begleiter f\u00fcr jedes Kind. Er ist f\u00fcr<\/p>","protected":false},"featured_media":31913,"comment_status":"open","ping_status":"closed","template":"","meta":[],"product_brand":[],"product_cat":[150,151,152],"product_tag":[],"class_list":{"0":"post-31895","1":"product","2":"type-product","3":"status-publish","4":"has-post-thumbnail","6":"product_cat-collection-1","7":"product_cat-collection-2","8":"product_cat-startseite","10":"first","11":"instock","12":"shipping-taxable","13":"purchasable","14":"product-type-variable"},"jetpack_sharing_enabled":true,"_links":{"self":[{"href":"https:\/\/bolalamp.store\/en\/wp-json\/wp\/v2\/product\/31895","targetHints":{"allow":["GET"]}}],"collection":[{"href":"https:\/\/bolalamp.store\/en\/wp-json\/wp\/v2\/product"}],"about":[{"href":"https:\/\/bolalamp.store\/en\/wp-json\/wp\/v2\/types\/product"}],"replies":[{"embeddable":true,"href":"https:\/\/bolalamp.store\/en\/wp-json\/wp\/v2\/comments?post=31895"}],"version-history":[{"count":1,"href":"https:\/\/bolalamp.store\/en\/wp-json\/wp\/v2\/product\/31895\/revisions"}],"predecessor-version":[{"id":31955,"href":"https:\/\/bolalamp.store\/en\/wp-json\/wp\/v2\/product\/31895\/revisions\/31955"}],"wp:featuredmedia":[{"embeddable":true,"href":"https:\/\/bolalamp.store\/en\/wp-json\/wp\/v2\/media\/31913"}],"wp:attachment":[{"href":"https:\/\/bolalamp.store\/en\/wp-json\/wp\/v2\/media?parent=31895"}],"wp:term":[{"taxonomy":"product_brand","embeddable":true,"href":"https:\/\/bolalamp.store\/en\/wp-json\/wp\/v2\/product_brand?post=31895"},{"taxonomy":"product_cat","embeddable":true,"href":"https:\/\/bolalamp.store\/en\/wp-json\/wp\/v2\/product_cat?post=31895"},{"taxonomy":"product_tag","embeddable":true,"href":"https:\/\/bolalamp.store\/en\/wp-json\/wp\/v2\/product_tag?post=31895"}],"curies":[{"name":"wp","href":"https:\/\/api.w.org\/{rel}","templated":true}]}}