{"id":31893,"date":"2026-04-03T20:29:17","date_gmt":"2026-04-03T20:29:17","guid":{"rendered":"https:\/\/bolalamp.store\/product\/steiff-073892-original-pluschtier-pipsy-kuken-soft-cuddly-friends-kuscheltier-ca-14-cm-markenplusch-mit-knopf-im-ohr-schmusefreund-fur-babys-von-geburt-an-gelb\/"},"modified":"2026-04-03T20:31:46","modified_gmt":"2026-04-03T20:31:46","slug":"steiff-073892-original-pluschtier-pipsy-kuken-soft-cuddly-friends-kuscheltier-ca-14-cm-markenplusch-mit-knopf-im-ohr-schmusefreund-fur-babys-von-geburt-an-gelb","status":"publish","type":"product","link":"https:\/\/bolalamp.store\/en\/product\/steiff-073892-original-pluschtier-pipsy-kuken-soft-cuddly-friends-kuscheltier-ca-14-cm-markenplusch-mit-knopf-im-ohr-schmusefreund-fur-babys-von-geburt-an-gelb\/","title":{"rendered":"Steiff 073892 &#8211; Original Pl\u00fcschtier Pipsy K\u00fcken, Soft Cuddly Friends Kuscheltier ca. 14 cm"},"content":{"rendered":"<p><strong>Product Features<\/strong><\/p>\n<ul>\n<li>Das Original Steiff Pl\u00fcschtier K\u00fcken Pipsy aus der Produktlinie Soft Cuddly Friends eignet sich ideal als Schmusefreund f\u00fcr Babys von Geburt an und ist ein Freund f\u00fcrs Leben<\/li>\n<li>Pl\u00fcsch K\u00fcken Pipsy ist ca. 14 cm gro\u00df, hat ein gelbes Fell, wurde in fachm\u00e4nnischer, liebevoller Handarbeit hergestellt und ist daher einzigartig, so wie jedes Schmusetier von Steiff<\/li>\n<li>Das Kuscheltier hat einen streichelweichen Webpelz, hochwertige Kunststoffaugen und ein Edelstahl \u201eKnopf im Ohr\u201c, ist gestopft mit synthetischem F\u00fcllmaterial und mit eingearbeiteten Granulats\u00e4ckchen<\/li>\n<li>Steiff &#8211; Qualit\u00e4t seit 1880 &#8211; Gem\u00e4\u00df dem Leitgedanke der Firmengr\u00fcnderin Margarete Steiff \u201eF\u00fcr Kinder ist nur das Beste gut genug\u201c &#8211; Nur echt mit dem Steiff \u201eKnopf im Ohr\u201c<\/li>\n<li>Tierart: K\u00fcken, Name: Pipsy, Serie: Soft Cuddly Friends, Gr\u00f6\u00dfe: ca. 14 cm, Farbe: gelb, Material: Webpelz, waschmaschinenfest bei 30 \u00b0C, Art.-Nr.: 073892, EAN: 4001505073892<\/li>\n<\/ul>\n<p><strong>Product Information<\/strong><\/p>\n<ul>\n<table style=\"margin-bottom:20px\">\n<tbody>\n<tr>\n<td><strong>Marke<\/strong><\/td>\n<td>Steiff<\/td>\n<\/tr>\n<tr>\n<td><strong>Spielzeugfigur-Typ<\/strong><\/td>\n<td>Stofftier<\/td>\n<\/tr>\n<tr>\n<td><strong>Charakter\/Lizenz<\/strong><\/td>\n<td>K\u00fcken<\/td>\n<\/tr>\n<tr>\n<td><strong>Modellname<\/strong><\/td>\n<td>Soft Cuddly Friends Pipsy chick<\/td>\n<\/tr>\n<tr>\n<td><strong>Anzahl von Einheiten<\/strong><\/td>\n<td>1 jede<\/td>\n<\/tr>\n<tr>\n<td><strong>Modellnummer<\/strong><\/td>\n<td>073892<\/td>\n<\/tr>\n<tr>\n<td><strong>Herkunftsland<\/strong><\/td>\n<td>Kambodscha<\/td>\n<\/tr>\n<tr>\n<td><strong>Garantie<\/strong><\/td>\n<td>&#8222;Gesetzliche Gew\u00e4hrleistung&#8220;<\/td>\n<\/tr>\n<tr>\n<td><strong>Verpackung<\/strong><\/td>\n<td>FFP<\/td>\n<\/tr>\n<tr>\n<td><strong>Global Trade Identification Number<\/strong><\/td>\n<td>04001505073892<\/td>\n<\/tr>\n<tr>\n<td><strong>Hersteller vorgeschlagenes Alter Maximum<\/strong><\/td>\n<td>36<\/td>\n<\/tr>\n<tr>\n<td><strong>Artikelnummer<\/strong><\/td>\n<td>073892<\/td>\n<\/tr>\n<tr>\n<td><strong>Namen des Sets<\/strong><\/td>\n<td>Soft Cuddly Friends<\/td>\n<\/tr>\n<tr>\n<td><strong>Beschreibung der Altersgruppe<\/strong><\/td>\n<td>Baby<\/td>\n<\/tr>\n<tr>\n<td><strong>Enthaltene Komponenten<\/strong><\/td>\n<td>Pl\u00fcschtier, Edelstahlknopf, F\u00e4hnchen<\/td>\n<\/tr>\n<tr>\n<td><strong>Artikeltypbezeichnung<\/strong><\/td>\n<td>Soft Cuddly Friends Pipsy K\u00fcken<\/td>\n<\/tr>\n<tr>\n<td><strong>Hersteller<\/strong><\/td>\n<td>steiff margarete<\/td>\n<\/tr>\n<tr>\n<td><strong>Amazon Bestseller-Rang<\/strong><\/td>\n<td><\/td>\n<\/tr>\n<tr>\n<td><strong>ASIN<\/strong><\/td>\n<td>B084B1ZFPM<\/td>\n<\/tr>\n<tr>\n<td><strong>Durchschnittliche Kundenbewertung<\/strong><\/td>\n<td><\/td>\n<\/tr>\n<tr>\n<td><strong>Anzahl von Einheiten<\/strong><\/td>\n<td>1 jede<\/td>\n<\/tr>\n<tr>\n<td><strong>Artikel Abmessungen L x B x H<\/strong><\/td>\n<td>14L x 12B x 11H cm<\/td>\n<\/tr>\n<tr>\n<td><strong>Anzahl von St\u00fccken<\/strong><\/td>\n<td>1<\/td>\n<\/tr>\n<tr>\n<td><strong>Gr\u00f6\u00dfe<\/strong><\/td>\n<td>14 cm<\/td>\n<\/tr>\n<tr>\n<td><strong>Ma\u00dfstab<\/strong><\/td>\n<td>Normale Gr\u00f6\u00dfe<\/td>\n<\/tr>\n<tr>\n<td><strong>Artikelabmessungen<\/strong><\/td>\n<td>14 x 12 x 11 cm<\/td>\n<\/tr>\n<tr>\n<td><strong>Tiermotiv<\/strong><\/td>\n<td>K\u00fcken<\/td>\n<\/tr>\n<tr>\n<td><strong>Thema<\/strong><\/td>\n<td>Pets &#038; farm<\/td>\n<\/tr>\n<tr>\n<td><strong>Farbe<\/strong><\/td>\n<td>Gelb<\/td>\n<\/tr>\n<tr>\n<td><strong>Charakter\/Lizenz<\/strong><\/td>\n<td>K\u00fcken<\/td>\n<\/tr>\n<tr>\n<td><strong>Sammlungsname<\/strong><\/td>\n<td>Soft Cuddly Friends<\/td>\n<\/tr>\n<tr>\n<td><strong>Stil<\/strong><\/td>\n<td>Hat<\/td>\n<\/tr>\n<tr>\n<td><strong>Gelegenheit &#038; Anlass<\/strong><\/td>\n<td>Belohnung, Geburtstag, Genesung, Weihnachten<\/td>\n<\/tr>\n<tr>\n<td><strong>Montage erforderlich<\/strong><\/td>\n<td>Nein<\/td>\n<\/tr>\n<tr>\n<td><strong>Besondere Merkmale<\/strong><\/td>\n<td>Washable<\/td>\n<\/tr>\n<tr>\n<td><strong>Batterien erforderlich<\/strong><\/td>\n<td>Nein<\/td>\n<\/tr>\n<tr>\n<td><strong>Handsigniert<\/strong><\/td>\n<td>Nein<\/td>\n<\/tr>\n<tr>\n<td><strong>Ort der Spielaktivit\u00e4t<\/strong><\/td>\n<td>Boden<\/td>\n<\/tr>\n<tr>\n<td><strong>Anwendungsbereich<\/strong><\/td>\n<td>Kinderspielzeug, Geschenk<\/td>\n<\/tr>\n<tr>\n<td><strong>Lernziel<\/strong><\/td>\n<td>F\u00fcrsorge, Geborgenheit, Kreativit\u00e4t, Sozialverhalten, Verantwortungsgef\u00fchl<\/td>\n<\/tr>\n<tr>\n<td><strong>Brustpumpentyp<\/strong><\/td>\n<td>Manuell<\/td>\n<\/tr>\n<tr>\n<td><strong>Anzahl von Spielern<\/strong><\/td>\n<td>1<\/td>\n<\/tr>\n<tr>\n<td><strong>Betriebsart<\/strong><\/td>\n<td>Manuell<\/td>\n<\/tr>\n<tr>\n<td><strong>Material<\/strong><\/td>\n<td>Polyester<\/td>\n<\/tr>\n<tr>\n<td><strong>Au\u00dfenmaterial<\/strong><\/td>\n<td>Polyester<\/td>\n<\/tr>\n<tr>\n<td><strong>Typ der \u00e4u\u00dferen Oberfl\u00e4che<\/strong><\/td>\n<td>Matt<\/td>\n<\/tr>\n<tr>\n<td><strong>Innenmaterial<\/strong><\/td>\n<td>Pl\u00fcsch<\/td>\n<\/tr>\n<tr>\n<td><strong>Montage erforderlich<\/strong><\/td>\n<td>Nein<\/td>\n<\/tr>\n<\/tbody>\n<\/table>\n<\/ul>","protected":false},"excerpt":{"rendered":"<p>Product Features Das Original Steiff Pl\u00fcschtier K\u00fcken Pipsy aus der Produktlinie Soft Cuddly Friends eignet sich ideal als Schmusefreund f\u00fcr<\/p>","protected":false},"featured_media":31894,"comment_status":"open","ping_status":"closed","template":"","meta":[],"product_brand":[],"product_cat":[150,151,152],"product_tag":[],"class_list":{"0":"post-31893","1":"product","2":"type-product","3":"status-publish","4":"has-post-thumbnail","6":"product_cat-collection-1","7":"product_cat-collection-2","8":"product_cat-startseite","10":"first","11":"instock","12":"shipping-taxable","13":"purchasable","14":"product-type-simple"},"jetpack_sharing_enabled":true,"_links":{"self":[{"href":"https:\/\/bolalamp.store\/en\/wp-json\/wp\/v2\/product\/31893","targetHints":{"allow":["GET"]}}],"collection":[{"href":"https:\/\/bolalamp.store\/en\/wp-json\/wp\/v2\/product"}],"about":[{"href":"https:\/\/bolalamp.store\/en\/wp-json\/wp\/v2\/types\/product"}],"replies":[{"embeddable":true,"href":"https:\/\/bolalamp.store\/en\/wp-json\/wp\/v2\/comments?post=31893"}],"version-history":[{"count":1,"href":"https:\/\/bolalamp.store\/en\/wp-json\/wp\/v2\/product\/31893\/revisions"}],"predecessor-version":[{"id":31956,"href":"https:\/\/bolalamp.store\/en\/wp-json\/wp\/v2\/product\/31893\/revisions\/31956"}],"wp:featuredmedia":[{"embeddable":true,"href":"https:\/\/bolalamp.store\/en\/wp-json\/wp\/v2\/media\/31894"}],"wp:attachment":[{"href":"https:\/\/bolalamp.store\/en\/wp-json\/wp\/v2\/media?parent=31893"}],"wp:term":[{"taxonomy":"product_brand","embeddable":true,"href":"https:\/\/bolalamp.store\/en\/wp-json\/wp\/v2\/product_brand?post=31893"},{"taxonomy":"product_cat","embeddable":true,"href":"https:\/\/bolalamp.store\/en\/wp-json\/wp\/v2\/product_cat?post=31893"},{"taxonomy":"product_tag","embeddable":true,"href":"https:\/\/bolalamp.store\/en\/wp-json\/wp\/v2\/product_tag?post=31893"}],"curies":[{"name":"wp","href":"https:\/\/api.w.org\/{rel}","templated":true}]}}